{"id":351,"date":"2024-12-31T19:40:10","date_gmt":"2024-12-31T16:40:10","guid":{"rendered":"https:\/\/neodizayn.site\/?post_type=product&#038;p=351"},"modified":"2024-12-31T19:40:11","modified_gmt":"2024-12-31T16:40:11","slug":"hpl-7-dalgic-motor","status":"publish","type":"product","link":"https:\/\/www.gokturkpompa.com\/index.php\/urun\/hpl-7-dalgic-motor\/","title":{"rendered":"HPL 7&#8243; Dalg\u0131\u00e7 Motor"},"content":{"rendered":"<p>Poldap dalg\u0131\u00e7 motorlar\u0131; sar\u0131labilir tip, \u0131slak stat\u00f6rl\u00fc, i\u00e7ine doldurulan su ile so\u011futma ve ya\u011flama yap\u0131lan, derin kuyularda kullan\u0131lan temiz su pompalar\u0131 i\u00e7in tasarlanm\u0131\u015f \u00fc\u00e7 fazl\u0131, sincap kafesli elektrik motorlar\u0131d\u0131r.<\/p>\n","protected":false},"excerpt":{"rendered":"<div class=\"row d-flex \">\n<div class=\"col-md-4 d-flex justify-content-start align-items-center\"><img decoding=\"async\" src=\"https:\/\/www.polmot.com.tr\/assets\/img\/technical1.svg\" alt=\"\" \/><\/p>\n<p class=\"m-0 ms-3 t-orange-16\">MOTOR POMPA BA\u011eLANTI FLAN\u015eI<\/p>\n<p class=\"m-0 ms-3 t-blue-24-b\">6&#8243; NEMA<\/p>\n<\/div>\n<div class=\"col-md-4 d-flex justify-content-start align-items-center\"><img decoding=\"async\" src=\"https:\/\/www.polmot.com.tr\/assets\/img\/technical2.svg\" alt=\"\" \/><\/p>\n<p class=\"m-0 ms-3 t-orange-16\">KORUMA SINIFI<\/p>\n<p class=\"m-0 ms-3 t-blue-24-b\">IP68<\/p>\n<\/div>\n<div class=\"col-md-4 d-flex justify-content-start align-items-center\"><img decoding=\"async\" src=\"https:\/\/www.polmot.com.tr\/assets\/img\/technical3.svg\" alt=\"\" \/><\/p>\n<p class=\"m-0 ms-3 t-orange-16\">\u0130ZOLASYON SINIFI<\/p>\n<p class=\"m-0 ms-3 t-blue-24-b\">Y<\/p>\n<\/div>\n<\/div>\n<div class=\"row d-flex \">\n<div class=\"col-md-4 d-flex justify-content-start align-items-center\"><img decoding=\"async\" src=\"https:\/\/www.polmot.com.tr\/assets\/img\/technical4.svg\" alt=\"\" \/><\/p>\n<p class=\"m-0 ms-3 t-orange-16\">GER\u0130L\u0130M TOLERANS<\/p>\n<p class=\"m-0 ms-3 t-blue-24-b\">%\u00b15<\/p>\n<\/div>\n<div class=\"col-md-4 d-flex justify-content-start align-items-center\"><img decoding=\"async\" src=\"https:\/\/www.polmot.com.tr\/assets\/img\/technical5.svg\" alt=\"\" \/><\/p>\n<p class=\"m-0 ms-3 t-orange-16\">\u00c7ALI\u015eMA SICAKLI\u011eI<\/p>\n<p class=\"m-0 ms-3 t-blue-24-b\">30<\/p>\n<\/div>\n<div class=\"col-md-4 d-flex justify-content-start align-items-center\"><img decoding=\"async\" src=\"https:\/\/www.polmot.com.tr\/assets\/img\/technical6.svg\" alt=\"\" \/><\/p>\n<p class=\"m-0 ms-3 t-orange-16\">SO\u011eUTMA AKI\u015eI<\/p>\n<p class=\"m-0 ms-3 t-blue-24-b\">0,1m\/s<\/p>\n<\/div>\n<\/div>\n<div class=\"row d-flex \">\n<div class=\"col-md-4 d-flex justify-content-start align-items-center\"><img decoding=\"async\" src=\"https:\/\/www.polmot.com.tr\/assets\/img\/technical7.svg\" alt=\"\" \/><\/p>\n<p class=\"m-0 ms-3 t-orange-16\">MAX\u0130MUM BA\u015eLATMA<\/p>\n<p class=\"m-0 ms-3 t-blue-24-b\">30HP-70HP 17<\/p>\n<p class=\"m-0 ms-3 t-blue-24-b\">80HP-90HP 15<\/p>\n<\/div>\n<div class=\"col-md-4 d-flex justify-content-start align-items-center\"><img decoding=\"async\" src=\"https:\/\/www.polmot.com.tr\/assets\/img\/technical8.svg\" alt=\"\" \/><\/p>\n<p class=\"m-0 ms-3 t-orange-16\">KURULUM<\/p>\n<p class=\"m-0 ms-3 t-blue-24-b\">D\u0130K<\/p>\n<\/div>\n<div class=\"col-md-4 d-flex justify-content-start align-items-center\"><img decoding=\"async\" src=\"https:\/\/www.polmot.com.tr\/assets\/img\/technical9.svg\" alt=\"\" \/><\/p>\n<p class=\"m-0 ms-3 t-orange-16\">EKSENEL Y\u00dcK<\/p>\n<p class=\"m-0 ms-3 t-blue-24-b\">35kN<\/p>\n<\/div>\n<\/div>\n","protected":false},"featured_media":352,"comment_status":"open","ping_status":"closed","template":"","meta":{"saved_in_kubio":false},"product_brand":[],"product_cat":[21],"product_tag":[],"class_list":{"0":"post-351","1":"product","2":"type-product","3":"status-publish","4":"has-post-thumbnail","6":"product_cat-poldap","8":"first","9":"instock","10":"shipping-taxable","11":"product-type-simple"},"yoast_head":"<!-- This site is optimized with the Yoast SEO plugin v26.9 - https:\/\/yoast.com\/product\/yoast-seo-wordpress\/ -->\n<title>HPL 7&quot; Dalg\u0131\u00e7 Motor - G\u00f6kt\u00fcrk Pompa<\/title>\n<meta name=\"robots\" content=\"index, follow, max-snippet:-1, max-image-preview:large, max-video-preview:-1\" \/>\n<link rel=\"canonical\" href=\"https:\/\/www.gokturkpompa.com\/index.php\/urun\/hpl-7-dalgic-motor\/\" \/>\n<meta property=\"og:locale\" content=\"tr_TR\" \/>\n<meta property=\"og:type\" content=\"article\" \/>\n<meta property=\"og:title\" content=\"HPL 7&quot; Dalg\u0131\u00e7 Motor - G\u00f6kt\u00fcrk Pompa\" \/>\n<meta property=\"og:description\" content=\"MOTOR POMPA BA\u011eLANTI FLAN\u015eI 6&quot; NEMA    KORUMA SINIFI IP68    \u0130ZOLASYON SINIFI Y      GER\u0130L\u0130M TOLERANS %\u00b15    \u00c7ALI\u015eMA SICAKLI\u011eI 30    SO\u011eUTMA AKI\u015eI 0,1m\/s      MAX\u0130MUM BA\u015eLATMA 30HP-70HP 17 80HP-90HP 15    KURULUM D\u0130K    EKSENEL Y\u00dcK 35kN\" \/>\n<meta property=\"og:url\" content=\"https:\/\/www.gokturkpompa.com\/index.php\/urun\/hpl-7-dalgic-motor\/\" \/>\n<meta property=\"og:site_name\" content=\"G\u00f6kt\u00fcrk Pompa\" \/>\n<meta property=\"article:modified_time\" content=\"2024-12-31T16:40:11+00:00\" \/>\n<meta property=\"og:image\" content=\"https:\/\/www.gokturkpompa.com\/wp-content\/uploads\/2024\/12\/z6vNzT2PZsQFCkxTE5eL.png\" \/>\n\t<meta property=\"og:image:width\" content=\"1000\" \/>\n\t<meta property=\"og:image:height\" content=\"1024\" \/>\n\t<meta property=\"og:image:type\" content=\"image\/png\" \/>\n<meta name=\"twitter:card\" content=\"summary_large_image\" \/>\n<script type=\"application\/ld+json\" class=\"yoast-schema-graph\">{\"@context\":\"https:\/\/schema.org\",\"@graph\":[{\"@type\":\"WebPage\",\"@id\":\"https:\/\/www.gokturkpompa.com\/index.php\/urun\/hpl-7-dalgic-motor\/\",\"url\":\"https:\/\/www.gokturkpompa.com\/index.php\/urun\/hpl-7-dalgic-motor\/\",\"name\":\"HPL 7\\\" Dalg\u0131\u00e7 Motor - G\u00f6kt\u00fcrk Pompa\",\"isPartOf\":{\"@id\":\"https:\/\/www.gokturkpompa.com\/#website\"},\"primaryImageOfPage\":{\"@id\":\"https:\/\/www.gokturkpompa.com\/index.php\/urun\/hpl-7-dalgic-motor\/#primaryimage\"},\"image\":{\"@id\":\"https:\/\/www.gokturkpompa.com\/index.php\/urun\/hpl-7-dalgic-motor\/#primaryimage\"},\"thumbnailUrl\":\"https:\/\/www.gokturkpompa.com\/wp-content\/uploads\/2024\/12\/z6vNzT2PZsQFCkxTE5eL.png\",\"datePublished\":\"2024-12-31T16:40:10+00:00\",\"dateModified\":\"2024-12-31T16:40:11+00:00\",\"breadcrumb\":{\"@id\":\"https:\/\/www.gokturkpompa.com\/index.php\/urun\/hpl-7-dalgic-motor\/#breadcrumb\"},\"inLanguage\":\"tr\",\"potentialAction\":[{\"@type\":\"ReadAction\",\"target\":[\"https:\/\/www.gokturkpompa.com\/index.php\/urun\/hpl-7-dalgic-motor\/\"]}]},{\"@type\":\"ImageObject\",\"inLanguage\":\"tr\",\"@id\":\"https:\/\/www.gokturkpompa.com\/index.php\/urun\/hpl-7-dalgic-motor\/#primaryimage\",\"url\":\"https:\/\/www.gokturkpompa.com\/wp-content\/uploads\/2024\/12\/z6vNzT2PZsQFCkxTE5eL.png\",\"contentUrl\":\"https:\/\/www.gokturkpompa.com\/wp-content\/uploads\/2024\/12\/z6vNzT2PZsQFCkxTE5eL.png\",\"width\":1000,\"height\":1024},{\"@type\":\"BreadcrumbList\",\"@id\":\"https:\/\/www.gokturkpompa.com\/index.php\/urun\/hpl-7-dalgic-motor\/#breadcrumb\",\"itemListElement\":[{\"@type\":\"ListItem\",\"position\":1,\"name\":\"Anasayfa\",\"item\":\"https:\/\/www.gokturkpompa.com\/\"},{\"@type\":\"ListItem\",\"position\":2,\"name\":\"Ma\u011faza\",\"item\":\"https:\/\/www.gokturkpompa.com\/index.php\/magaza\/\"},{\"@type\":\"ListItem\",\"position\":3,\"name\":\"HPL 7&#8243; Dalg\u0131\u00e7 Motor\"}]},{\"@type\":\"WebSite\",\"@id\":\"https:\/\/www.gokturkpompa.com\/#website\",\"url\":\"https:\/\/www.gokturkpompa.com\/\",\"name\":\"G\u00f6kt\u00fcrk Pompa\",\"description\":\"G\u00f6kt\u00fcrk Pompa ve Hidrafor\",\"publisher\":{\"@id\":\"https:\/\/www.gokturkpompa.com\/#organization\"},\"potentialAction\":[{\"@type\":\"SearchAction\",\"target\":{\"@type\":\"EntryPoint\",\"urlTemplate\":\"https:\/\/www.gokturkpompa.com\/?s={search_term_string}\"},\"query-input\":{\"@type\":\"PropertyValueSpecification\",\"valueRequired\":true,\"valueName\":\"search_term_string\"}}],\"inLanguage\":\"tr\"},{\"@type\":\"Organization\",\"@id\":\"https:\/\/www.gokturkpompa.com\/#organization\",\"name\":\"G\u00f6kt\u00fcrk Pompa\",\"url\":\"https:\/\/www.gokturkpompa.com\/\",\"logo\":{\"@type\":\"ImageObject\",\"inLanguage\":\"tr\",\"@id\":\"https:\/\/www.gokturkpompa.com\/#\/schema\/logo\/image\/\",\"url\":\"https:\/\/www.gokturkpompa.com\/wp-content\/uploads\/2024\/12\/Remove-bg.ai_1735672499527.png\",\"contentUrl\":\"https:\/\/www.gokturkpompa.com\/wp-content\/uploads\/2024\/12\/Remove-bg.ai_1735672499527.png\",\"width\":300,\"height\":85,\"caption\":\"G\u00f6kt\u00fcrk Pompa\"},\"image\":{\"@id\":\"https:\/\/www.gokturkpompa.com\/#\/schema\/logo\/image\/\"}}]}<\/script>\n<!-- \/ Yoast SEO plugin. -->","yoast_head_json":{"title":"HPL 7\" Dalg\u0131\u00e7 Motor - G\u00f6kt\u00fcrk Pompa","robots":{"index":"index","follow":"follow","max-snippet":"max-snippet:-1","max-image-preview":"max-image-preview:large","max-video-preview":"max-video-preview:-1"},"canonical":"https:\/\/www.gokturkpompa.com\/index.php\/urun\/hpl-7-dalgic-motor\/","og_locale":"tr_TR","og_type":"article","og_title":"HPL 7\" Dalg\u0131\u00e7 Motor - G\u00f6kt\u00fcrk Pompa","og_description":"MOTOR POMPA BA\u011eLANTI FLAN\u015eI 6\" NEMA    KORUMA SINIFI IP68    \u0130ZOLASYON SINIFI Y      GER\u0130L\u0130M TOLERANS %\u00b15    \u00c7ALI\u015eMA SICAKLI\u011eI 30    SO\u011eUTMA AKI\u015eI 0,1m\/s      MAX\u0130MUM BA\u015eLATMA 30HP-70HP 17 80HP-90HP 15    KURULUM D\u0130K    EKSENEL Y\u00dcK 35kN","og_url":"https:\/\/www.gokturkpompa.com\/index.php\/urun\/hpl-7-dalgic-motor\/","og_site_name":"G\u00f6kt\u00fcrk Pompa","article_modified_time":"2024-12-31T16:40:11+00:00","og_image":[{"width":1000,"height":1024,"url":"https:\/\/www.gokturkpompa.com\/wp-content\/uploads\/2024\/12\/z6vNzT2PZsQFCkxTE5eL.png","type":"image\/png"}],"twitter_card":"summary_large_image","schema":{"@context":"https:\/\/schema.org","@graph":[{"@type":"WebPage","@id":"https:\/\/www.gokturkpompa.com\/index.php\/urun\/hpl-7-dalgic-motor\/","url":"https:\/\/www.gokturkpompa.com\/index.php\/urun\/hpl-7-dalgic-motor\/","name":"HPL 7\" Dalg\u0131\u00e7 Motor - G\u00f6kt\u00fcrk Pompa","isPartOf":{"@id":"https:\/\/www.gokturkpompa.com\/#website"},"primaryImageOfPage":{"@id":"https:\/\/www.gokturkpompa.com\/index.php\/urun\/hpl-7-dalgic-motor\/#primaryimage"},"image":{"@id":"https:\/\/www.gokturkpompa.com\/index.php\/urun\/hpl-7-dalgic-motor\/#primaryimage"},"thumbnailUrl":"https:\/\/www.gokturkpompa.com\/wp-content\/uploads\/2024\/12\/z6vNzT2PZsQFCkxTE5eL.png","datePublished":"2024-12-31T16:40:10+00:00","dateModified":"2024-12-31T16:40:11+00:00","breadcrumb":{"@id":"https:\/\/www.gokturkpompa.com\/index.php\/urun\/hpl-7-dalgic-motor\/#breadcrumb"},"inLanguage":"tr","potentialAction":[{"@type":"ReadAction","target":["https:\/\/www.gokturkpompa.com\/index.php\/urun\/hpl-7-dalgic-motor\/"]}]},{"@type":"ImageObject","inLanguage":"tr","@id":"https:\/\/www.gokturkpompa.com\/index.php\/urun\/hpl-7-dalgic-motor\/#primaryimage","url":"https:\/\/www.gokturkpompa.com\/wp-content\/uploads\/2024\/12\/z6vNzT2PZsQFCkxTE5eL.png","contentUrl":"https:\/\/www.gokturkpompa.com\/wp-content\/uploads\/2024\/12\/z6vNzT2PZsQFCkxTE5eL.png","width":1000,"height":1024},{"@type":"BreadcrumbList","@id":"https:\/\/www.gokturkpompa.com\/index.php\/urun\/hpl-7-dalgic-motor\/#breadcrumb","itemListElement":[{"@type":"ListItem","position":1,"name":"Anasayfa","item":"https:\/\/www.gokturkpompa.com\/"},{"@type":"ListItem","position":2,"name":"Ma\u011faza","item":"https:\/\/www.gokturkpompa.com\/index.php\/magaza\/"},{"@type":"ListItem","position":3,"name":"HPL 7&#8243; Dalg\u0131\u00e7 Motor"}]},{"@type":"WebSite","@id":"https:\/\/www.gokturkpompa.com\/#website","url":"https:\/\/www.gokturkpompa.com\/","name":"G\u00f6kt\u00fcrk Pompa","description":"G\u00f6kt\u00fcrk Pompa ve Hidrafor","publisher":{"@id":"https:\/\/www.gokturkpompa.com\/#organization"},"potentialAction":[{"@type":"SearchAction","target":{"@type":"EntryPoint","urlTemplate":"https:\/\/www.gokturkpompa.com\/?s={search_term_string}"},"query-input":{"@type":"PropertyValueSpecification","valueRequired":true,"valueName":"search_term_string"}}],"inLanguage":"tr"},{"@type":"Organization","@id":"https:\/\/www.gokturkpompa.com\/#organization","name":"G\u00f6kt\u00fcrk Pompa","url":"https:\/\/www.gokturkpompa.com\/","logo":{"@type":"ImageObject","inLanguage":"tr","@id":"https:\/\/www.gokturkpompa.com\/#\/schema\/logo\/image\/","url":"https:\/\/www.gokturkpompa.com\/wp-content\/uploads\/2024\/12\/Remove-bg.ai_1735672499527.png","contentUrl":"https:\/\/www.gokturkpompa.com\/wp-content\/uploads\/2024\/12\/Remove-bg.ai_1735672499527.png","width":300,"height":85,"caption":"G\u00f6kt\u00fcrk Pompa"},"image":{"@id":"https:\/\/www.gokturkpompa.com\/#\/schema\/logo\/image\/"}}]}},"_links":{"self":[{"href":"https:\/\/www.gokturkpompa.com\/index.php\/wp-json\/wp\/v2\/product\/351","targetHints":{"allow":["GET"]}}],"collection":[{"href":"https:\/\/www.gokturkpompa.com\/index.php\/wp-json\/wp\/v2\/product"}],"about":[{"href":"https:\/\/www.gokturkpompa.com\/index.php\/wp-json\/wp\/v2\/types\/product"}],"replies":[{"embeddable":true,"href":"https:\/\/www.gokturkpompa.com\/index.php\/wp-json\/wp\/v2\/comments?post=351"}],"wp:featuredmedia":[{"embeddable":true,"href":"https:\/\/www.gokturkpompa.com\/index.php\/wp-json\/wp\/v2\/media\/352"}],"wp:attachment":[{"href":"https:\/\/www.gokturkpompa.com\/index.php\/wp-json\/wp\/v2\/media?parent=351"}],"wp:term":[{"taxonomy":"product_brand","embeddable":true,"href":"https:\/\/www.gokturkpompa.com\/index.php\/wp-json\/wp\/v2\/product_brand?post=351"},{"taxonomy":"product_cat","embeddable":true,"href":"https:\/\/www.gokturkpompa.com\/index.php\/wp-json\/wp\/v2\/product_cat?post=351"},{"taxonomy":"product_tag","embeddable":true,"href":"https:\/\/www.gokturkpompa.com\/index.php\/wp-json\/wp\/v2\/product_tag?post=351"}],"curies":[{"name":"wp","href":"https:\/\/api.w.org\/{rel}","templated":true}]}}