{"id":347,"date":"2024-12-31T19:34:59","date_gmt":"2024-12-31T16:34:59","guid":{"rendered":"https:\/\/neodizayn.site\/?post_type=product&#038;p=347"},"modified":"2024-12-31T19:35:00","modified_gmt":"2024-12-31T16:35:00","slug":"sd-4-dalgic-motor","status":"publish","type":"product","link":"https:\/\/www.gokturkpompa.com\/index.php\/urun\/sd-4-dalgic-motor\/","title":{"rendered":"SD 4&#8243; Dalg\u0131\u00e7 Motor"},"content":{"rendered":"<p>4\u201d y\u00fcksek performansl\u0131 sar\u0131labilir dalg\u0131\u00e7 motorlar tamam\u0131yla 304 paslanmaz \u00e7elikten yap\u0131lm\u0131\u015ft\u0131r. Motorun ve yataklar\u0131n ya\u011flamas\u0131 ve so\u011futmas\u0131 \u00f6zel bir s\u0131v\u0131 sayesinde sa\u011flanmaktad\u0131r. Derin kuyularda kullan\u0131lan temiz su pompalar\u0131 i\u00e7in tasarlanm\u0131\u015f elektrik motorlar\u0131d\u0131r.<\/p>\n","protected":false},"excerpt":{"rendered":"<div class=\"row d-flex \">\n<div class=\"col-md-4 d-flex justify-content-start align-items-center\">\n<p class=\"m-0 ms-3 t-orange-16\">MOTOR POMPA BA\u011eLANTI FLAN\u015eI<\/p>\n<p class=\"m-0 ms-3 t-blue-24-b\">4\u201dNEMA<\/p>\n<\/div>\n<div class=\"col-md-4 d-flex justify-content-start align-items-center\"><img decoding=\"async\" src=\"https:\/\/www.polmot.com.tr\/assets\/img\/technical2.svg\" alt=\"\" \/><\/p>\n<p class=\"m-0 ms-3 t-orange-16\">KORUMA SINIFI<\/p>\n<p class=\"m-0 ms-3 t-blue-24-b\">IP 68<\/p>\n<\/div>\n<div class=\"col-md-4 d-flex justify-content-start align-items-center\"><img decoding=\"async\" src=\"https:\/\/www.polmot.com.tr\/assets\/img\/technical3.svg\" alt=\"\" \/><\/p>\n<p class=\"m-0 ms-3 t-orange-16\">\u0130ZOLASYON SINIFI<\/p>\n<p class=\"m-0 ms-3 t-blue-24-b\">F<\/p>\n<\/div>\n<\/div>\n<div class=\"row d-flex \">\n<div class=\"col-md-4 d-flex justify-content-start align-items-center\"><img decoding=\"async\" src=\"https:\/\/www.polmot.com.tr\/assets\/img\/technical4.svg\" alt=\"\" \/><\/p>\n<p class=\"m-0 ms-3 t-orange-16\">GER\u0130L\u0130M TOLERANS<\/p>\n<p class=\"m-0 ms-3 t-blue-24-b\">-10% \/ 10%<\/p>\n<\/div>\n<div class=\"col-md-4 d-flex justify-content-start align-items-center\"><img decoding=\"async\" src=\"https:\/\/www.polmot.com.tr\/assets\/img\/technical5.svg\" alt=\"\" \/><\/p>\n<p class=\"m-0 ms-3 t-orange-16\">\u00c7ALI\u015eMA SICAKLI\u011eI<\/p>\n<p class=\"m-0 ms-3 t-blue-24-b\">0\u00b0C &#8211; 35\u00b0C<\/p>\n<\/div>\n<div class=\"col-md-4 d-flex justify-content-start align-items-center\"><img decoding=\"async\" src=\"https:\/\/www.polmot.com.tr\/assets\/img\/technical6.svg\" alt=\"\" \/><\/p>\n<p class=\"m-0 ms-3 t-orange-16\">SO\u011eUTMA AKI\u015eI<\/p>\n<p class=\"m-0 ms-3 t-blue-24-b\">0,1 m\/s<\/p>\n<\/div>\n<\/div>\n<div class=\"row d-flex \">\n<div class=\"col-md-4 d-flex justify-content-start align-items-center\"><img decoding=\"async\" src=\"https:\/\/www.polmot.com.tr\/assets\/img\/technical7.svg\" alt=\"\" \/><\/p>\n<p class=\"m-0 ms-3 t-orange-16\">MAX\u0130MUM BA\u015eLATMA<\/p>\n<p class=\"m-0 ms-3 t-blue-24-b\">30<\/p>\n<p class=\"m-0 ms-3 t-blue-24-b\">\n<\/div>\n<div class=\"col-md-4 d-flex justify-content-start align-items-center\"><img decoding=\"async\" src=\"https:\/\/www.polmot.com.tr\/assets\/img\/technical8.svg\" alt=\"\" \/><\/p>\n<p class=\"m-0 ms-3 t-orange-16\">KURULUM<\/p>\n<p class=\"m-0 ms-3 t-blue-24-b\">D\u0130K veya YATAY<\/p>\n<\/div>\n<div class=\"col-md-4 d-flex justify-content-start align-items-center\"><img decoding=\"async\" src=\"https:\/\/www.polmot.com.tr\/assets\/img\/technical9.svg\" alt=\"\" \/><\/p>\n<p class=\"m-0 ms-3 t-orange-16\">EKSENEL Y\u00dcK<\/p>\n<p class=\"m-0 ms-3 t-blue-24-b\">0,5 HP &#8211; 1,5 HP 2 kN<\/p>\n<\/div>\n<\/div>\n","protected":false},"featured_media":348,"comment_status":"open","ping_status":"closed","template":"","meta":{"saved_in_kubio":false},"product_brand":[],"product_cat":[21],"product_tag":[],"class_list":{"0":"post-347","1":"product","2":"type-product","3":"status-publish","4":"has-post-thumbnail","6":"product_cat-poldap","8":"first","9":"instock","10":"shipping-taxable","11":"product-type-simple"},"yoast_head":"<!-- This site is optimized with the Yoast SEO plugin v26.9 - https:\/\/yoast.com\/product\/yoast-seo-wordpress\/ -->\n<title>SD 4&quot; Dalg\u0131\u00e7 Motor - G\u00f6kt\u00fcrk Pompa<\/title>\n<meta name=\"robots\" content=\"index, follow, max-snippet:-1, max-image-preview:large, max-video-preview:-1\" \/>\n<link rel=\"canonical\" href=\"https:\/\/www.gokturkpompa.com\/index.php\/urun\/sd-4-dalgic-motor\/\" \/>\n<meta property=\"og:locale\" content=\"tr_TR\" \/>\n<meta property=\"og:type\" content=\"article\" \/>\n<meta property=\"og:title\" content=\"SD 4&quot; Dalg\u0131\u00e7 Motor - G\u00f6kt\u00fcrk Pompa\" \/>\n<meta property=\"og:description\" content=\"MOTOR POMPA BA\u011eLANTI FLAN\u015eI 4\u201dNEMA    KORUMA SINIFI IP 68    \u0130ZOLASYON SINIFI F      GER\u0130L\u0130M TOLERANS -10% \/ 10%    \u00c7ALI\u015eMA SICAKLI\u011eI 0\u00b0C - 35\u00b0C    SO\u011eUTMA AKI\u015eI 0,1 m\/s      MAX\u0130MUM BA\u015eLATMA 30     KURULUM D\u0130K veya YATAY    EKSENEL Y\u00dcK 0,5 HP - 1,5 HP 2 kN\" \/>\n<meta property=\"og:url\" content=\"https:\/\/www.gokturkpompa.com\/index.php\/urun\/sd-4-dalgic-motor\/\" \/>\n<meta property=\"og:site_name\" content=\"G\u00f6kt\u00fcrk Pompa\" \/>\n<meta property=\"article:modified_time\" content=\"2024-12-31T16:35:00+00:00\" \/>\n<meta property=\"og:image\" content=\"https:\/\/www.gokturkpompa.com\/wp-content\/uploads\/2024\/12\/WrRDwOqM4NzBGsmrkVGm.png\" \/>\n\t<meta property=\"og:image:width\" content=\"1000\" \/>\n\t<meta property=\"og:image:height\" content=\"1024\" \/>\n\t<meta property=\"og:image:type\" content=\"image\/png\" \/>\n<meta name=\"twitter:card\" content=\"summary_large_image\" \/>\n<script type=\"application\/ld+json\" class=\"yoast-schema-graph\">{\"@context\":\"https:\/\/schema.org\",\"@graph\":[{\"@type\":\"WebPage\",\"@id\":\"https:\/\/www.gokturkpompa.com\/index.php\/urun\/sd-4-dalgic-motor\/\",\"url\":\"https:\/\/www.gokturkpompa.com\/index.php\/urun\/sd-4-dalgic-motor\/\",\"name\":\"SD 4\\\" Dalg\u0131\u00e7 Motor - G\u00f6kt\u00fcrk Pompa\",\"isPartOf\":{\"@id\":\"https:\/\/www.gokturkpompa.com\/#website\"},\"primaryImageOfPage\":{\"@id\":\"https:\/\/www.gokturkpompa.com\/index.php\/urun\/sd-4-dalgic-motor\/#primaryimage\"},\"image\":{\"@id\":\"https:\/\/www.gokturkpompa.com\/index.php\/urun\/sd-4-dalgic-motor\/#primaryimage\"},\"thumbnailUrl\":\"https:\/\/www.gokturkpompa.com\/wp-content\/uploads\/2024\/12\/WrRDwOqM4NzBGsmrkVGm.png\",\"datePublished\":\"2024-12-31T16:34:59+00:00\",\"dateModified\":\"2024-12-31T16:35:00+00:00\",\"breadcrumb\":{\"@id\":\"https:\/\/www.gokturkpompa.com\/index.php\/urun\/sd-4-dalgic-motor\/#breadcrumb\"},\"inLanguage\":\"tr\",\"potentialAction\":[{\"@type\":\"ReadAction\",\"target\":[\"https:\/\/www.gokturkpompa.com\/index.php\/urun\/sd-4-dalgic-motor\/\"]}]},{\"@type\":\"ImageObject\",\"inLanguage\":\"tr\",\"@id\":\"https:\/\/www.gokturkpompa.com\/index.php\/urun\/sd-4-dalgic-motor\/#primaryimage\",\"url\":\"https:\/\/www.gokturkpompa.com\/wp-content\/uploads\/2024\/12\/WrRDwOqM4NzBGsmrkVGm.png\",\"contentUrl\":\"https:\/\/www.gokturkpompa.com\/wp-content\/uploads\/2024\/12\/WrRDwOqM4NzBGsmrkVGm.png\",\"width\":1000,\"height\":1024},{\"@type\":\"BreadcrumbList\",\"@id\":\"https:\/\/www.gokturkpompa.com\/index.php\/urun\/sd-4-dalgic-motor\/#breadcrumb\",\"itemListElement\":[{\"@type\":\"ListItem\",\"position\":1,\"name\":\"Anasayfa\",\"item\":\"https:\/\/www.gokturkpompa.com\/\"},{\"@type\":\"ListItem\",\"position\":2,\"name\":\"Ma\u011faza\",\"item\":\"https:\/\/www.gokturkpompa.com\/index.php\/magaza\/\"},{\"@type\":\"ListItem\",\"position\":3,\"name\":\"SD 4&#8243; Dalg\u0131\u00e7 Motor\"}]},{\"@type\":\"WebSite\",\"@id\":\"https:\/\/www.gokturkpompa.com\/#website\",\"url\":\"https:\/\/www.gokturkpompa.com\/\",\"name\":\"G\u00f6kt\u00fcrk Pompa\",\"description\":\"G\u00f6kt\u00fcrk Pompa ve Hidrafor\",\"publisher\":{\"@id\":\"https:\/\/www.gokturkpompa.com\/#organization\"},\"potentialAction\":[{\"@type\":\"SearchAction\",\"target\":{\"@type\":\"EntryPoint\",\"urlTemplate\":\"https:\/\/www.gokturkpompa.com\/?s={search_term_string}\"},\"query-input\":{\"@type\":\"PropertyValueSpecification\",\"valueRequired\":true,\"valueName\":\"search_term_string\"}}],\"inLanguage\":\"tr\"},{\"@type\":\"Organization\",\"@id\":\"https:\/\/www.gokturkpompa.com\/#organization\",\"name\":\"G\u00f6kt\u00fcrk Pompa\",\"url\":\"https:\/\/www.gokturkpompa.com\/\",\"logo\":{\"@type\":\"ImageObject\",\"inLanguage\":\"tr\",\"@id\":\"https:\/\/www.gokturkpompa.com\/#\/schema\/logo\/image\/\",\"url\":\"https:\/\/www.gokturkpompa.com\/wp-content\/uploads\/2024\/12\/Remove-bg.ai_1735672499527.png\",\"contentUrl\":\"https:\/\/www.gokturkpompa.com\/wp-content\/uploads\/2024\/12\/Remove-bg.ai_1735672499527.png\",\"width\":300,\"height\":85,\"caption\":\"G\u00f6kt\u00fcrk Pompa\"},\"image\":{\"@id\":\"https:\/\/www.gokturkpompa.com\/#\/schema\/logo\/image\/\"}}]}<\/script>\n<!-- \/ Yoast SEO plugin. -->","yoast_head_json":{"title":"SD 4\" Dalg\u0131\u00e7 Motor - G\u00f6kt\u00fcrk Pompa","robots":{"index":"index","follow":"follow","max-snippet":"max-snippet:-1","max-image-preview":"max-image-preview:large","max-video-preview":"max-video-preview:-1"},"canonical":"https:\/\/www.gokturkpompa.com\/index.php\/urun\/sd-4-dalgic-motor\/","og_locale":"tr_TR","og_type":"article","og_title":"SD 4\" Dalg\u0131\u00e7 Motor - G\u00f6kt\u00fcrk Pompa","og_description":"MOTOR POMPA BA\u011eLANTI FLAN\u015eI 4\u201dNEMA    KORUMA SINIFI IP 68    \u0130ZOLASYON SINIFI F      GER\u0130L\u0130M TOLERANS -10% \/ 10%    \u00c7ALI\u015eMA SICAKLI\u011eI 0\u00b0C - 35\u00b0C    SO\u011eUTMA AKI\u015eI 0,1 m\/s      MAX\u0130MUM BA\u015eLATMA 30     KURULUM D\u0130K veya YATAY    EKSENEL Y\u00dcK 0,5 HP - 1,5 HP 2 kN","og_url":"https:\/\/www.gokturkpompa.com\/index.php\/urun\/sd-4-dalgic-motor\/","og_site_name":"G\u00f6kt\u00fcrk Pompa","article_modified_time":"2024-12-31T16:35:00+00:00","og_image":[{"width":1000,"height":1024,"url":"https:\/\/www.gokturkpompa.com\/wp-content\/uploads\/2024\/12\/WrRDwOqM4NzBGsmrkVGm.png","type":"image\/png"}],"twitter_card":"summary_large_image","schema":{"@context":"https:\/\/schema.org","@graph":[{"@type":"WebPage","@id":"https:\/\/www.gokturkpompa.com\/index.php\/urun\/sd-4-dalgic-motor\/","url":"https:\/\/www.gokturkpompa.com\/index.php\/urun\/sd-4-dalgic-motor\/","name":"SD 4\" Dalg\u0131\u00e7 Motor - G\u00f6kt\u00fcrk Pompa","isPartOf":{"@id":"https:\/\/www.gokturkpompa.com\/#website"},"primaryImageOfPage":{"@id":"https:\/\/www.gokturkpompa.com\/index.php\/urun\/sd-4-dalgic-motor\/#primaryimage"},"image":{"@id":"https:\/\/www.gokturkpompa.com\/index.php\/urun\/sd-4-dalgic-motor\/#primaryimage"},"thumbnailUrl":"https:\/\/www.gokturkpompa.com\/wp-content\/uploads\/2024\/12\/WrRDwOqM4NzBGsmrkVGm.png","datePublished":"2024-12-31T16:34:59+00:00","dateModified":"2024-12-31T16:35:00+00:00","breadcrumb":{"@id":"https:\/\/www.gokturkpompa.com\/index.php\/urun\/sd-4-dalgic-motor\/#breadcrumb"},"inLanguage":"tr","potentialAction":[{"@type":"ReadAction","target":["https:\/\/www.gokturkpompa.com\/index.php\/urun\/sd-4-dalgic-motor\/"]}]},{"@type":"ImageObject","inLanguage":"tr","@id":"https:\/\/www.gokturkpompa.com\/index.php\/urun\/sd-4-dalgic-motor\/#primaryimage","url":"https:\/\/www.gokturkpompa.com\/wp-content\/uploads\/2024\/12\/WrRDwOqM4NzBGsmrkVGm.png","contentUrl":"https:\/\/www.gokturkpompa.com\/wp-content\/uploads\/2024\/12\/WrRDwOqM4NzBGsmrkVGm.png","width":1000,"height":1024},{"@type":"BreadcrumbList","@id":"https:\/\/www.gokturkpompa.com\/index.php\/urun\/sd-4-dalgic-motor\/#breadcrumb","itemListElement":[{"@type":"ListItem","position":1,"name":"Anasayfa","item":"https:\/\/www.gokturkpompa.com\/"},{"@type":"ListItem","position":2,"name":"Ma\u011faza","item":"https:\/\/www.gokturkpompa.com\/index.php\/magaza\/"},{"@type":"ListItem","position":3,"name":"SD 4&#8243; Dalg\u0131\u00e7 Motor"}]},{"@type":"WebSite","@id":"https:\/\/www.gokturkpompa.com\/#website","url":"https:\/\/www.gokturkpompa.com\/","name":"G\u00f6kt\u00fcrk Pompa","description":"G\u00f6kt\u00fcrk Pompa ve Hidrafor","publisher":{"@id":"https:\/\/www.gokturkpompa.com\/#organization"},"potentialAction":[{"@type":"SearchAction","target":{"@type":"EntryPoint","urlTemplate":"https:\/\/www.gokturkpompa.com\/?s={search_term_string}"},"query-input":{"@type":"PropertyValueSpecification","valueRequired":true,"valueName":"search_term_string"}}],"inLanguage":"tr"},{"@type":"Organization","@id":"https:\/\/www.gokturkpompa.com\/#organization","name":"G\u00f6kt\u00fcrk Pompa","url":"https:\/\/www.gokturkpompa.com\/","logo":{"@type":"ImageObject","inLanguage":"tr","@id":"https:\/\/www.gokturkpompa.com\/#\/schema\/logo\/image\/","url":"https:\/\/www.gokturkpompa.com\/wp-content\/uploads\/2024\/12\/Remove-bg.ai_1735672499527.png","contentUrl":"https:\/\/www.gokturkpompa.com\/wp-content\/uploads\/2024\/12\/Remove-bg.ai_1735672499527.png","width":300,"height":85,"caption":"G\u00f6kt\u00fcrk Pompa"},"image":{"@id":"https:\/\/www.gokturkpompa.com\/#\/schema\/logo\/image\/"}}]}},"_links":{"self":[{"href":"https:\/\/www.gokturkpompa.com\/index.php\/wp-json\/wp\/v2\/product\/347","targetHints":{"allow":["GET"]}}],"collection":[{"href":"https:\/\/www.gokturkpompa.com\/index.php\/wp-json\/wp\/v2\/product"}],"about":[{"href":"https:\/\/www.gokturkpompa.com\/index.php\/wp-json\/wp\/v2\/types\/product"}],"replies":[{"embeddable":true,"href":"https:\/\/www.gokturkpompa.com\/index.php\/wp-json\/wp\/v2\/comments?post=347"}],"wp:featuredmedia":[{"embeddable":true,"href":"https:\/\/www.gokturkpompa.com\/index.php\/wp-json\/wp\/v2\/media\/348"}],"wp:attachment":[{"href":"https:\/\/www.gokturkpompa.com\/index.php\/wp-json\/wp\/v2\/media?parent=347"}],"wp:term":[{"taxonomy":"product_brand","embeddable":true,"href":"https:\/\/www.gokturkpompa.com\/index.php\/wp-json\/wp\/v2\/product_brand?post=347"},{"taxonomy":"product_cat","embeddable":true,"href":"https:\/\/www.gokturkpompa.com\/index.php\/wp-json\/wp\/v2\/product_cat?post=347"},{"taxonomy":"product_tag","embeddable":true,"href":"https:\/\/www.gokturkpompa.com\/index.php\/wp-json\/wp\/v2\/product_tag?post=347"}],"curies":[{"name":"wp","href":"https:\/\/api.w.org\/{rel}","templated":true}]}}