{"id":341,"date":"2024-12-31T19:23:54","date_gmt":"2024-12-31T16:23:54","guid":{"rendered":"https:\/\/neodizayn.site\/?post_type=product&#038;p=341"},"modified":"2024-12-31T19:55:25","modified_gmt":"2024-12-31T16:55:25","slug":"cv-serisi-dikey-milli-cok-kademeli-pompalar","status":"publish","type":"product","link":"https:\/\/www.gokturkpompa.com\/index.php\/urun\/cv-serisi-dikey-milli-cok-kademeli-pompalar\/","title":{"rendered":"CV Serisi Dikey Milli \u00c7ok Kademeli Pompalar"},"content":{"rendered":"<h3><strong>Uygulamalar<\/strong><\/h3>\n<p>Bas\u0131n\u00e7 artt\u0131rma ve su temini sistemleri<\/p>\n<p>Su ar\u0131tma tesisleri<\/p>\n<p>Kazan besleme<\/p>\n<p>Sivil, sanayi ve tar\u0131m sekt\u00f6r\u00fcnde, kat\u0131 madde i\u00e7ermeyen su ta\u015f\u0131nmas\u0131<\/p>\n<p>Y\u0131kama \u00fcniteleri<\/p>\n<p>Sulama sistemleri<\/p>\n<p>Is\u0131tma ve iklimlendirme sistemleri i\u00e7in s\u0131cak ve so\u011fuk su sirk\u00fclasyonlar\u0131nda<\/p>\n","protected":false},"excerpt":{"rendered":"<h3><strong>\u00dcr\u00fcn Bilgileri<\/strong><\/h3>\n<p>Kompakt ve dayan\u0131kl\u0131 yap\u0131<br \/>\nPaslanmaz \u00e7elik su giri\u015f ve c\u0131k\u0131\u015flar\u0131yla dayan\u0131kl\u0131l\u0131k, y\u00fcksek verimlilik ve y\u00fcksek performans<br \/>\nStandart mekanik ke\u00e7e ( EN 12756 ex DIN 24960 )<br \/>\nTungsten karb\u00fcr ara yatak ile y\u00fcksek kademelerde hidrolik stabilizasyon<br \/>\nB14 \ufb02an\u015fl\u0131 standart motor. Koruma s\u0131n\u0131f\u0131: IP55, Maks ortam s\u0131cakl\u0131\u011f\u0131: 40\u00baC, \u0130zolasyon s\u0131n\u0131f\u0131: F<br \/>\nSeri ve tekli ba\u011flant\u0131larda kolay kurulum<br \/>\nKorozyon direnci i\u00e7in paslanmaz \u00e7elik fan ve dif\u00fcz\u00f6r<\/p>\n","protected":false},"featured_media":342,"comment_status":"open","ping_status":"closed","template":"","meta":{"saved_in_kubio":false},"product_brand":[],"product_cat":[20],"product_tag":[],"class_list":{"0":"post-341","1":"product","2":"type-product","3":"status-publish","4":"has-post-thumbnail","6":"product_cat-impo","8":"first","9":"instock","10":"shipping-taxable","11":"product-type-simple"},"yoast_head":"<!-- This site is optimized with the Yoast SEO plugin v26.9 - https:\/\/yoast.com\/product\/yoast-seo-wordpress\/ -->\n<title>CV Serisi Dikey Milli \u00c7ok Kademeli Pompalar - G\u00f6kt\u00fcrk Pompa<\/title>\n<meta name=\"robots\" content=\"index, follow, max-snippet:-1, max-image-preview:large, max-video-preview:-1\" \/>\n<link rel=\"canonical\" href=\"https:\/\/www.gokturkpompa.com\/index.php\/urun\/cv-serisi-dikey-milli-cok-kademeli-pompalar\/\" \/>\n<meta property=\"og:locale\" content=\"tr_TR\" \/>\n<meta property=\"og:type\" content=\"article\" \/>\n<meta property=\"og:title\" content=\"CV Serisi Dikey Milli \u00c7ok Kademeli Pompalar - G\u00f6kt\u00fcrk Pompa\" \/>\n<meta property=\"og:description\" content=\"\u00dcr\u00fcn Bilgileri Kompakt ve dayan\u0131kl\u0131 yap\u0131 Paslanmaz \u00e7elik su giri\u015f ve c\u0131k\u0131\u015flar\u0131yla dayan\u0131kl\u0131l\u0131k, y\u00fcksek verimlilik ve y\u00fcksek performans Standart mekanik ke\u00e7e ( EN 12756 ex DIN 24960 ) Tungsten karb\u00fcr ara yatak ile y\u00fcksek kademelerde hidrolik stabilizasyon B14 \ufb02an\u015fl\u0131 standart motor. Koruma s\u0131n\u0131f\u0131: IP55, Maks ortam s\u0131cakl\u0131\u011f\u0131: 40\u00baC, \u0130zolasyon s\u0131n\u0131f\u0131: F Seri ve tekli ba\u011flant\u0131larda kolay kurulum Korozyon direnci i\u00e7in paslanmaz \u00e7elik fan ve dif\u00fcz\u00f6r\" \/>\n<meta property=\"og:url\" content=\"https:\/\/www.gokturkpompa.com\/index.php\/urun\/cv-serisi-dikey-milli-cok-kademeli-pompalar\/\" \/>\n<meta property=\"og:site_name\" content=\"G\u00f6kt\u00fcrk Pompa\" \/>\n<meta property=\"article:modified_time\" content=\"2024-12-31T16:55:25+00:00\" \/>\n<meta property=\"og:image\" content=\"https:\/\/www.gokturkpompa.com\/wp-content\/uploads\/2024\/12\/CV-5.jpg\" \/>\n\t<meta property=\"og:image:width\" content=\"640\" \/>\n\t<meta property=\"og:image:height\" content=\"480\" \/>\n\t<meta property=\"og:image:type\" content=\"image\/jpeg\" \/>\n<meta name=\"twitter:card\" content=\"summary_large_image\" \/>\n<script type=\"application\/ld+json\" class=\"yoast-schema-graph\">{\"@context\":\"https:\/\/schema.org\",\"@graph\":[{\"@type\":\"WebPage\",\"@id\":\"https:\/\/www.gokturkpompa.com\/index.php\/urun\/cv-serisi-dikey-milli-cok-kademeli-pompalar\/\",\"url\":\"https:\/\/www.gokturkpompa.com\/index.php\/urun\/cv-serisi-dikey-milli-cok-kademeli-pompalar\/\",\"name\":\"CV Serisi Dikey Milli \u00c7ok Kademeli Pompalar - G\u00f6kt\u00fcrk Pompa\",\"isPartOf\":{\"@id\":\"https:\/\/www.gokturkpompa.com\/#website\"},\"primaryImageOfPage\":{\"@id\":\"https:\/\/www.gokturkpompa.com\/index.php\/urun\/cv-serisi-dikey-milli-cok-kademeli-pompalar\/#primaryimage\"},\"image\":{\"@id\":\"https:\/\/www.gokturkpompa.com\/index.php\/urun\/cv-serisi-dikey-milli-cok-kademeli-pompalar\/#primaryimage\"},\"thumbnailUrl\":\"https:\/\/www.gokturkpompa.com\/wp-content\/uploads\/2024\/12\/CV-5.jpg\",\"datePublished\":\"2024-12-31T16:23:54+00:00\",\"dateModified\":\"2024-12-31T16:55:25+00:00\",\"breadcrumb\":{\"@id\":\"https:\/\/www.gokturkpompa.com\/index.php\/urun\/cv-serisi-dikey-milli-cok-kademeli-pompalar\/#breadcrumb\"},\"inLanguage\":\"tr\",\"potentialAction\":[{\"@type\":\"ReadAction\",\"target\":[\"https:\/\/www.gokturkpompa.com\/index.php\/urun\/cv-serisi-dikey-milli-cok-kademeli-pompalar\/\"]}]},{\"@type\":\"ImageObject\",\"inLanguage\":\"tr\",\"@id\":\"https:\/\/www.gokturkpompa.com\/index.php\/urun\/cv-serisi-dikey-milli-cok-kademeli-pompalar\/#primaryimage\",\"url\":\"https:\/\/www.gokturkpompa.com\/wp-content\/uploads\/2024\/12\/CV-5.jpg\",\"contentUrl\":\"https:\/\/www.gokturkpompa.com\/wp-content\/uploads\/2024\/12\/CV-5.jpg\",\"width\":640,\"height\":480},{\"@type\":\"BreadcrumbList\",\"@id\":\"https:\/\/www.gokturkpompa.com\/index.php\/urun\/cv-serisi-dikey-milli-cok-kademeli-pompalar\/#breadcrumb\",\"itemListElement\":[{\"@type\":\"ListItem\",\"position\":1,\"name\":\"Anasayfa\",\"item\":\"https:\/\/www.gokturkpompa.com\/\"},{\"@type\":\"ListItem\",\"position\":2,\"name\":\"Ma\u011faza\",\"item\":\"https:\/\/www.gokturkpompa.com\/index.php\/magaza\/\"},{\"@type\":\"ListItem\",\"position\":3,\"name\":\"CV Serisi Dikey Milli \u00c7ok Kademeli Pompalar\"}]},{\"@type\":\"WebSite\",\"@id\":\"https:\/\/www.gokturkpompa.com\/#website\",\"url\":\"https:\/\/www.gokturkpompa.com\/\",\"name\":\"G\u00f6kt\u00fcrk Pompa\",\"description\":\"G\u00f6kt\u00fcrk Pompa ve Hidrafor\",\"publisher\":{\"@id\":\"https:\/\/www.gokturkpompa.com\/#organization\"},\"potentialAction\":[{\"@type\":\"SearchAction\",\"target\":{\"@type\":\"EntryPoint\",\"urlTemplate\":\"https:\/\/www.gokturkpompa.com\/?s={search_term_string}\"},\"query-input\":{\"@type\":\"PropertyValueSpecification\",\"valueRequired\":true,\"valueName\":\"search_term_string\"}}],\"inLanguage\":\"tr\"},{\"@type\":\"Organization\",\"@id\":\"https:\/\/www.gokturkpompa.com\/#organization\",\"name\":\"G\u00f6kt\u00fcrk Pompa\",\"url\":\"https:\/\/www.gokturkpompa.com\/\",\"logo\":{\"@type\":\"ImageObject\",\"inLanguage\":\"tr\",\"@id\":\"https:\/\/www.gokturkpompa.com\/#\/schema\/logo\/image\/\",\"url\":\"https:\/\/www.gokturkpompa.com\/wp-content\/uploads\/2024\/12\/Remove-bg.ai_1735672499527.png\",\"contentUrl\":\"https:\/\/www.gokturkpompa.com\/wp-content\/uploads\/2024\/12\/Remove-bg.ai_1735672499527.png\",\"width\":300,\"height\":85,\"caption\":\"G\u00f6kt\u00fcrk Pompa\"},\"image\":{\"@id\":\"https:\/\/www.gokturkpompa.com\/#\/schema\/logo\/image\/\"}}]}<\/script>\n<!-- \/ Yoast SEO plugin. -->","yoast_head_json":{"title":"CV Serisi Dikey Milli \u00c7ok Kademeli Pompalar - G\u00f6kt\u00fcrk Pompa","robots":{"index":"index","follow":"follow","max-snippet":"max-snippet:-1","max-image-preview":"max-image-preview:large","max-video-preview":"max-video-preview:-1"},"canonical":"https:\/\/www.gokturkpompa.com\/index.php\/urun\/cv-serisi-dikey-milli-cok-kademeli-pompalar\/","og_locale":"tr_TR","og_type":"article","og_title":"CV Serisi Dikey Milli \u00c7ok Kademeli Pompalar - G\u00f6kt\u00fcrk Pompa","og_description":"\u00dcr\u00fcn Bilgileri Kompakt ve dayan\u0131kl\u0131 yap\u0131 Paslanmaz \u00e7elik su giri\u015f ve c\u0131k\u0131\u015flar\u0131yla dayan\u0131kl\u0131l\u0131k, y\u00fcksek verimlilik ve y\u00fcksek performans Standart mekanik ke\u00e7e ( EN 12756 ex DIN 24960 ) Tungsten karb\u00fcr ara yatak ile y\u00fcksek kademelerde hidrolik stabilizasyon B14 \ufb02an\u015fl\u0131 standart motor. Koruma s\u0131n\u0131f\u0131: IP55, Maks ortam s\u0131cakl\u0131\u011f\u0131: 40\u00baC, \u0130zolasyon s\u0131n\u0131f\u0131: F Seri ve tekli ba\u011flant\u0131larda kolay kurulum Korozyon direnci i\u00e7in paslanmaz \u00e7elik fan ve dif\u00fcz\u00f6r","og_url":"https:\/\/www.gokturkpompa.com\/index.php\/urun\/cv-serisi-dikey-milli-cok-kademeli-pompalar\/","og_site_name":"G\u00f6kt\u00fcrk Pompa","article_modified_time":"2024-12-31T16:55:25+00:00","og_image":[{"width":640,"height":480,"url":"https:\/\/www.gokturkpompa.com\/wp-content\/uploads\/2024\/12\/CV-5.jpg","type":"image\/jpeg"}],"twitter_card":"summary_large_image","schema":{"@context":"https:\/\/schema.org","@graph":[{"@type":"WebPage","@id":"https:\/\/www.gokturkpompa.com\/index.php\/urun\/cv-serisi-dikey-milli-cok-kademeli-pompalar\/","url":"https:\/\/www.gokturkpompa.com\/index.php\/urun\/cv-serisi-dikey-milli-cok-kademeli-pompalar\/","name":"CV Serisi Dikey Milli \u00c7ok Kademeli Pompalar - G\u00f6kt\u00fcrk Pompa","isPartOf":{"@id":"https:\/\/www.gokturkpompa.com\/#website"},"primaryImageOfPage":{"@id":"https:\/\/www.gokturkpompa.com\/index.php\/urun\/cv-serisi-dikey-milli-cok-kademeli-pompalar\/#primaryimage"},"image":{"@id":"https:\/\/www.gokturkpompa.com\/index.php\/urun\/cv-serisi-dikey-milli-cok-kademeli-pompalar\/#primaryimage"},"thumbnailUrl":"https:\/\/www.gokturkpompa.com\/wp-content\/uploads\/2024\/12\/CV-5.jpg","datePublished":"2024-12-31T16:23:54+00:00","dateModified":"2024-12-31T16:55:25+00:00","breadcrumb":{"@id":"https:\/\/www.gokturkpompa.com\/index.php\/urun\/cv-serisi-dikey-milli-cok-kademeli-pompalar\/#breadcrumb"},"inLanguage":"tr","potentialAction":[{"@type":"ReadAction","target":["https:\/\/www.gokturkpompa.com\/index.php\/urun\/cv-serisi-dikey-milli-cok-kademeli-pompalar\/"]}]},{"@type":"ImageObject","inLanguage":"tr","@id":"https:\/\/www.gokturkpompa.com\/index.php\/urun\/cv-serisi-dikey-milli-cok-kademeli-pompalar\/#primaryimage","url":"https:\/\/www.gokturkpompa.com\/wp-content\/uploads\/2024\/12\/CV-5.jpg","contentUrl":"https:\/\/www.gokturkpompa.com\/wp-content\/uploads\/2024\/12\/CV-5.jpg","width":640,"height":480},{"@type":"BreadcrumbList","@id":"https:\/\/www.gokturkpompa.com\/index.php\/urun\/cv-serisi-dikey-milli-cok-kademeli-pompalar\/#breadcrumb","itemListElement":[{"@type":"ListItem","position":1,"name":"Anasayfa","item":"https:\/\/www.gokturkpompa.com\/"},{"@type":"ListItem","position":2,"name":"Ma\u011faza","item":"https:\/\/www.gokturkpompa.com\/index.php\/magaza\/"},{"@type":"ListItem","position":3,"name":"CV Serisi Dikey Milli \u00c7ok Kademeli Pompalar"}]},{"@type":"WebSite","@id":"https:\/\/www.gokturkpompa.com\/#website","url":"https:\/\/www.gokturkpompa.com\/","name":"G\u00f6kt\u00fcrk Pompa","description":"G\u00f6kt\u00fcrk Pompa ve Hidrafor","publisher":{"@id":"https:\/\/www.gokturkpompa.com\/#organization"},"potentialAction":[{"@type":"SearchAction","target":{"@type":"EntryPoint","urlTemplate":"https:\/\/www.gokturkpompa.com\/?s={search_term_string}"},"query-input":{"@type":"PropertyValueSpecification","valueRequired":true,"valueName":"search_term_string"}}],"inLanguage":"tr"},{"@type":"Organization","@id":"https:\/\/www.gokturkpompa.com\/#organization","name":"G\u00f6kt\u00fcrk Pompa","url":"https:\/\/www.gokturkpompa.com\/","logo":{"@type":"ImageObject","inLanguage":"tr","@id":"https:\/\/www.gokturkpompa.com\/#\/schema\/logo\/image\/","url":"https:\/\/www.gokturkpompa.com\/wp-content\/uploads\/2024\/12\/Remove-bg.ai_1735672499527.png","contentUrl":"https:\/\/www.gokturkpompa.com\/wp-content\/uploads\/2024\/12\/Remove-bg.ai_1735672499527.png","width":300,"height":85,"caption":"G\u00f6kt\u00fcrk Pompa"},"image":{"@id":"https:\/\/www.gokturkpompa.com\/#\/schema\/logo\/image\/"}}]}},"_links":{"self":[{"href":"https:\/\/www.gokturkpompa.com\/index.php\/wp-json\/wp\/v2\/product\/341","targetHints":{"allow":["GET"]}}],"collection":[{"href":"https:\/\/www.gokturkpompa.com\/index.php\/wp-json\/wp\/v2\/product"}],"about":[{"href":"https:\/\/www.gokturkpompa.com\/index.php\/wp-json\/wp\/v2\/types\/product"}],"replies":[{"embeddable":true,"href":"https:\/\/www.gokturkpompa.com\/index.php\/wp-json\/wp\/v2\/comments?post=341"}],"wp:featuredmedia":[{"embeddable":true,"href":"https:\/\/www.gokturkpompa.com\/index.php\/wp-json\/wp\/v2\/media\/342"}],"wp:attachment":[{"href":"https:\/\/www.gokturkpompa.com\/index.php\/wp-json\/wp\/v2\/media?parent=341"}],"wp:term":[{"taxonomy":"product_brand","embeddable":true,"href":"https:\/\/www.gokturkpompa.com\/index.php\/wp-json\/wp\/v2\/product_brand?post=341"},{"taxonomy":"product_cat","embeddable":true,"href":"https:\/\/www.gokturkpompa.com\/index.php\/wp-json\/wp\/v2\/product_cat?post=341"},{"taxonomy":"product_tag","embeddable":true,"href":"https:\/\/www.gokturkpompa.com\/index.php\/wp-json\/wp\/v2\/product_tag?post=341"}],"curies":[{"name":"wp","href":"https:\/\/api.w.org\/{rel}","templated":true}]}}