{"id":330,"date":"2024-12-31T19:09:19","date_gmt":"2024-12-31T16:09:19","guid":{"rendered":"https:\/\/neodizayn.site\/?post_type=product&#038;p=330"},"modified":"2024-12-31T19:09:19","modified_gmt":"2024-12-31T16:09:19","slug":"4-paslanmaz-celik-pompa","status":"publish","type":"product","link":"https:\/\/www.gokturkpompa.com\/index.php\/urun\/4-paslanmaz-celik-pompa\/","title":{"rendered":"4&#8243; Paslanmaz \u00c7elik Pompa"},"content":{"rendered":"<h3>Uygulama Alanlar\u0131<\/h3>\n<ul>\n<li>Tar\u0131m, belediyecilik, sanayi, evsel kullan\u0131m ve madencilik alanlar\u0131<\/li>\n<li>Su bas\u0131nc\u0131 gerektiren uygulamalar<\/li>\n<li>Tanklardan, havza veya havuzlardan ve kuyulardan su \u00e7ekme<\/li>\n<li>Muhtelif t\u00fcrde s\u0131v\u0131 malzemenin da\u011f\u0131t\u0131m\u0131 ve y\u00fckse\u011fe bas\u0131lmas\u0131<\/li>\n<li>Otoklav ve su deposu giri\u015fleri<\/li>\n<li>F\u0131skiyeler<\/li>\n<li>Sulama sistemleri<\/li>\n<li>\u00c7im ve bah\u00e7e sulamalar\u0131<\/li>\n<li>Ya\u011fmurlama ve damlama sistemleri<\/li>\n<li>Seralarda ve fidanl\u0131klar<\/li>\n<li>K\u0131r evleri, \u00e7iftlikler ve kul\u00fcbelere su tedari\u011fi<\/li>\n<li>Deniz platformlar\u0131<\/li>\n<li>Ar\u0131tma tesisleri<\/li>\n<li>Kimya ve madencilik end\u00fcstrisi<\/li>\n<li>G\u0131da end\u00fcstrisi<\/li>\n<li>Yang\u0131n s\u00f6nd\u00fcrme \u00e7al\u0131\u015fmalar\u0131<\/li>\n<li>G\u00fcne\u015f enerjili uygulamalar<\/li>\n<li>Y\u0131kama tesisleri<\/li>\n<\/ul>\n","protected":false},"excerpt":{"rendered":"<p><strong>Fan Tipi:<\/strong>\u00a0Semiaksiyel<\/p>\n<p><strong>D\u00f6n\u00fc\u015f Y\u00f6n\u00fc:<\/strong>\u00a0Saatin Tersi Y\u00f6n\u00fcnde<\/p>\n<p><strong>Ba\u011flant\u0131:<\/strong>\u00a0NEMA standart\u0131na uygun<\/p>\n<p><strong>Minimum S\u0131v\u0131 Seviyesi:<\/strong>\u00a0Emi\u015f s\u00fczgecinin alt\u0131ndan itibaren 600 mm<\/p>\n<p><strong>Maksimum Pompa D\u0131\u015f \u00c7ap\u0131 (kablo muhafazas\u0131 dahil)<\/strong>: 94 mm<\/p>\n<p><strong>Pompalanan S\u0131v\u0131:\u00a0<\/strong>Kimyasal ve mekanik olarak a\u015f\u0131nd\u0131r\u0131c\u0131 olmayan ak\u0131\u015fkan.<\/p>\n<p><strong>\u0130zin Verilen Maksimum Kum Miktar\u0131:\u00a0<\/strong>50 g\/m3<\/p>\n<p><strong>\u0130zin Verilen Kat\u0131 Par\u00e7ac\u0131k \u00d6l\u00e7\u00fcs\u00fc:\u00a0<\/strong>Maksimum 2mm<\/p>\n","protected":false},"featured_media":331,"comment_status":"open","ping_status":"closed","template":"","meta":{"saved_in_kubio":false},"product_brand":[],"product_cat":[20],"product_tag":[],"class_list":{"0":"post-330","1":"product","2":"type-product","3":"status-publish","4":"has-post-thumbnail","6":"product_cat-impo","8":"first","9":"instock","10":"shipping-taxable","11":"product-type-simple"},"yoast_head":"<!-- This site is optimized with the Yoast SEO plugin v26.9 - https:\/\/yoast.com\/product\/yoast-seo-wordpress\/ -->\n<title>4&quot; Paslanmaz \u00c7elik Pompa - G\u00f6kt\u00fcrk Pompa<\/title>\n<meta name=\"robots\" content=\"index, follow, max-snippet:-1, max-image-preview:large, max-video-preview:-1\" \/>\n<link rel=\"canonical\" href=\"https:\/\/www.gokturkpompa.com\/index.php\/urun\/4-paslanmaz-celik-pompa\/\" \/>\n<meta property=\"og:locale\" content=\"tr_TR\" \/>\n<meta property=\"og:type\" content=\"article\" \/>\n<meta property=\"og:title\" content=\"4&quot; Paslanmaz \u00c7elik Pompa - G\u00f6kt\u00fcrk Pompa\" \/>\n<meta property=\"og:description\" content=\"Fan Tipi:\u00a0Semiaksiyel  D\u00f6n\u00fc\u015f Y\u00f6n\u00fc:\u00a0Saatin Tersi Y\u00f6n\u00fcnde  Ba\u011flant\u0131:\u00a0NEMA standart\u0131na uygun  Minimum S\u0131v\u0131 Seviyesi:\u00a0Emi\u015f s\u00fczgecinin alt\u0131ndan itibaren 600 mm  Maksimum Pompa D\u0131\u015f \u00c7ap\u0131 (kablo muhafazas\u0131 dahil): 94 mm  Pompalanan S\u0131v\u0131:\u00a0Kimyasal ve mekanik olarak a\u015f\u0131nd\u0131r\u0131c\u0131 olmayan ak\u0131\u015fkan.  \u0130zin Verilen Maksimum Kum Miktar\u0131:\u00a050 g\/m3  \u0130zin Verilen Kat\u0131 Par\u00e7ac\u0131k \u00d6l\u00e7\u00fcs\u00fc:\u00a0Maksimum 2mm\" \/>\n<meta property=\"og:url\" content=\"https:\/\/www.gokturkpompa.com\/index.php\/urun\/4-paslanmaz-celik-pompa\/\" \/>\n<meta property=\"og:site_name\" content=\"G\u00f6kt\u00fcrk Pompa\" \/>\n<meta property=\"og:image\" content=\"https:\/\/www.gokturkpompa.com\/wp-content\/uploads\/2024\/12\/dalgic-pompa-4dmd-kps-tek-2-1.webp\" \/>\n\t<meta property=\"og:image:width\" content=\"377\" \/>\n\t<meta property=\"og:image:height\" content=\"322\" \/>\n\t<meta property=\"og:image:type\" content=\"image\/webp\" \/>\n<meta name=\"twitter:card\" content=\"summary_large_image\" \/>\n<meta name=\"twitter:label1\" content=\"Tahmini okuma s\u00fcresi\" \/>\n\t<meta name=\"twitter:data1\" content=\"1 dakika\" \/>\n<script type=\"application\/ld+json\" class=\"yoast-schema-graph\">{\"@context\":\"https:\/\/schema.org\",\"@graph\":[{\"@type\":\"WebPage\",\"@id\":\"https:\/\/www.gokturkpompa.com\/index.php\/urun\/4-paslanmaz-celik-pompa\/\",\"url\":\"https:\/\/www.gokturkpompa.com\/index.php\/urun\/4-paslanmaz-celik-pompa\/\",\"name\":\"4\\\" Paslanmaz \u00c7elik Pompa - G\u00f6kt\u00fcrk Pompa\",\"isPartOf\":{\"@id\":\"https:\/\/www.gokturkpompa.com\/#website\"},\"primaryImageOfPage\":{\"@id\":\"https:\/\/www.gokturkpompa.com\/index.php\/urun\/4-paslanmaz-celik-pompa\/#primaryimage\"},\"image\":{\"@id\":\"https:\/\/www.gokturkpompa.com\/index.php\/urun\/4-paslanmaz-celik-pompa\/#primaryimage\"},\"thumbnailUrl\":\"https:\/\/www.gokturkpompa.com\/wp-content\/uploads\/2024\/12\/dalgic-pompa-4dmd-kps-tek-2-1.webp\",\"datePublished\":\"2024-12-31T16:09:19+00:00\",\"breadcrumb\":{\"@id\":\"https:\/\/www.gokturkpompa.com\/index.php\/urun\/4-paslanmaz-celik-pompa\/#breadcrumb\"},\"inLanguage\":\"tr\",\"potentialAction\":[{\"@type\":\"ReadAction\",\"target\":[\"https:\/\/www.gokturkpompa.com\/index.php\/urun\/4-paslanmaz-celik-pompa\/\"]}]},{\"@type\":\"ImageObject\",\"inLanguage\":\"tr\",\"@id\":\"https:\/\/www.gokturkpompa.com\/index.php\/urun\/4-paslanmaz-celik-pompa\/#primaryimage\",\"url\":\"https:\/\/www.gokturkpompa.com\/wp-content\/uploads\/2024\/12\/dalgic-pompa-4dmd-kps-tek-2-1.webp\",\"contentUrl\":\"https:\/\/www.gokturkpompa.com\/wp-content\/uploads\/2024\/12\/dalgic-pompa-4dmd-kps-tek-2-1.webp\",\"width\":377,\"height\":322},{\"@type\":\"BreadcrumbList\",\"@id\":\"https:\/\/www.gokturkpompa.com\/index.php\/urun\/4-paslanmaz-celik-pompa\/#breadcrumb\",\"itemListElement\":[{\"@type\":\"ListItem\",\"position\":1,\"name\":\"Anasayfa\",\"item\":\"https:\/\/www.gokturkpompa.com\/\"},{\"@type\":\"ListItem\",\"position\":2,\"name\":\"Ma\u011faza\",\"item\":\"https:\/\/www.gokturkpompa.com\/index.php\/magaza\/\"},{\"@type\":\"ListItem\",\"position\":3,\"name\":\"4&#8243; Paslanmaz \u00c7elik Pompa\"}]},{\"@type\":\"WebSite\",\"@id\":\"https:\/\/www.gokturkpompa.com\/#website\",\"url\":\"https:\/\/www.gokturkpompa.com\/\",\"name\":\"G\u00f6kt\u00fcrk Pompa\",\"description\":\"G\u00f6kt\u00fcrk Pompa ve Hidrafor\",\"publisher\":{\"@id\":\"https:\/\/www.gokturkpompa.com\/#organization\"},\"potentialAction\":[{\"@type\":\"SearchAction\",\"target\":{\"@type\":\"EntryPoint\",\"urlTemplate\":\"https:\/\/www.gokturkpompa.com\/?s={search_term_string}\"},\"query-input\":{\"@type\":\"PropertyValueSpecification\",\"valueRequired\":true,\"valueName\":\"search_term_string\"}}],\"inLanguage\":\"tr\"},{\"@type\":\"Organization\",\"@id\":\"https:\/\/www.gokturkpompa.com\/#organization\",\"name\":\"G\u00f6kt\u00fcrk Pompa\",\"url\":\"https:\/\/www.gokturkpompa.com\/\",\"logo\":{\"@type\":\"ImageObject\",\"inLanguage\":\"tr\",\"@id\":\"https:\/\/www.gokturkpompa.com\/#\/schema\/logo\/image\/\",\"url\":\"https:\/\/www.gokturkpompa.com\/wp-content\/uploads\/2024\/12\/Remove-bg.ai_1735672499527.png\",\"contentUrl\":\"https:\/\/www.gokturkpompa.com\/wp-content\/uploads\/2024\/12\/Remove-bg.ai_1735672499527.png\",\"width\":300,\"height\":85,\"caption\":\"G\u00f6kt\u00fcrk Pompa\"},\"image\":{\"@id\":\"https:\/\/www.gokturkpompa.com\/#\/schema\/logo\/image\/\"}}]}<\/script>\n<!-- \/ Yoast SEO plugin. -->","yoast_head_json":{"title":"4\" Paslanmaz \u00c7elik Pompa - G\u00f6kt\u00fcrk Pompa","robots":{"index":"index","follow":"follow","max-snippet":"max-snippet:-1","max-image-preview":"max-image-preview:large","max-video-preview":"max-video-preview:-1"},"canonical":"https:\/\/www.gokturkpompa.com\/index.php\/urun\/4-paslanmaz-celik-pompa\/","og_locale":"tr_TR","og_type":"article","og_title":"4\" Paslanmaz \u00c7elik Pompa - G\u00f6kt\u00fcrk Pompa","og_description":"Fan Tipi:\u00a0Semiaksiyel  D\u00f6n\u00fc\u015f Y\u00f6n\u00fc:\u00a0Saatin Tersi Y\u00f6n\u00fcnde  Ba\u011flant\u0131:\u00a0NEMA standart\u0131na uygun  Minimum S\u0131v\u0131 Seviyesi:\u00a0Emi\u015f s\u00fczgecinin alt\u0131ndan itibaren 600 mm  Maksimum Pompa D\u0131\u015f \u00c7ap\u0131 (kablo muhafazas\u0131 dahil): 94 mm  Pompalanan S\u0131v\u0131:\u00a0Kimyasal ve mekanik olarak a\u015f\u0131nd\u0131r\u0131c\u0131 olmayan ak\u0131\u015fkan.  \u0130zin Verilen Maksimum Kum Miktar\u0131:\u00a050 g\/m3  \u0130zin Verilen Kat\u0131 Par\u00e7ac\u0131k \u00d6l\u00e7\u00fcs\u00fc:\u00a0Maksimum 2mm","og_url":"https:\/\/www.gokturkpompa.com\/index.php\/urun\/4-paslanmaz-celik-pompa\/","og_site_name":"G\u00f6kt\u00fcrk Pompa","og_image":[{"width":377,"height":322,"url":"https:\/\/www.gokturkpompa.com\/wp-content\/uploads\/2024\/12\/dalgic-pompa-4dmd-kps-tek-2-1.webp","type":"image\/webp"}],"twitter_card":"summary_large_image","twitter_misc":{"Tahmini okuma s\u00fcresi":"1 dakika"},"schema":{"@context":"https:\/\/schema.org","@graph":[{"@type":"WebPage","@id":"https:\/\/www.gokturkpompa.com\/index.php\/urun\/4-paslanmaz-celik-pompa\/","url":"https:\/\/www.gokturkpompa.com\/index.php\/urun\/4-paslanmaz-celik-pompa\/","name":"4\" Paslanmaz \u00c7elik Pompa - G\u00f6kt\u00fcrk Pompa","isPartOf":{"@id":"https:\/\/www.gokturkpompa.com\/#website"},"primaryImageOfPage":{"@id":"https:\/\/www.gokturkpompa.com\/index.php\/urun\/4-paslanmaz-celik-pompa\/#primaryimage"},"image":{"@id":"https:\/\/www.gokturkpompa.com\/index.php\/urun\/4-paslanmaz-celik-pompa\/#primaryimage"},"thumbnailUrl":"https:\/\/www.gokturkpompa.com\/wp-content\/uploads\/2024\/12\/dalgic-pompa-4dmd-kps-tek-2-1.webp","datePublished":"2024-12-31T16:09:19+00:00","breadcrumb":{"@id":"https:\/\/www.gokturkpompa.com\/index.php\/urun\/4-paslanmaz-celik-pompa\/#breadcrumb"},"inLanguage":"tr","potentialAction":[{"@type":"ReadAction","target":["https:\/\/www.gokturkpompa.com\/index.php\/urun\/4-paslanmaz-celik-pompa\/"]}]},{"@type":"ImageObject","inLanguage":"tr","@id":"https:\/\/www.gokturkpompa.com\/index.php\/urun\/4-paslanmaz-celik-pompa\/#primaryimage","url":"https:\/\/www.gokturkpompa.com\/wp-content\/uploads\/2024\/12\/dalgic-pompa-4dmd-kps-tek-2-1.webp","contentUrl":"https:\/\/www.gokturkpompa.com\/wp-content\/uploads\/2024\/12\/dalgic-pompa-4dmd-kps-tek-2-1.webp","width":377,"height":322},{"@type":"BreadcrumbList","@id":"https:\/\/www.gokturkpompa.com\/index.php\/urun\/4-paslanmaz-celik-pompa\/#breadcrumb","itemListElement":[{"@type":"ListItem","position":1,"name":"Anasayfa","item":"https:\/\/www.gokturkpompa.com\/"},{"@type":"ListItem","position":2,"name":"Ma\u011faza","item":"https:\/\/www.gokturkpompa.com\/index.php\/magaza\/"},{"@type":"ListItem","position":3,"name":"4&#8243; Paslanmaz \u00c7elik Pompa"}]},{"@type":"WebSite","@id":"https:\/\/www.gokturkpompa.com\/#website","url":"https:\/\/www.gokturkpompa.com\/","name":"G\u00f6kt\u00fcrk Pompa","description":"G\u00f6kt\u00fcrk Pompa ve Hidrafor","publisher":{"@id":"https:\/\/www.gokturkpompa.com\/#organization"},"potentialAction":[{"@type":"SearchAction","target":{"@type":"EntryPoint","urlTemplate":"https:\/\/www.gokturkpompa.com\/?s={search_term_string}"},"query-input":{"@type":"PropertyValueSpecification","valueRequired":true,"valueName":"search_term_string"}}],"inLanguage":"tr"},{"@type":"Organization","@id":"https:\/\/www.gokturkpompa.com\/#organization","name":"G\u00f6kt\u00fcrk Pompa","url":"https:\/\/www.gokturkpompa.com\/","logo":{"@type":"ImageObject","inLanguage":"tr","@id":"https:\/\/www.gokturkpompa.com\/#\/schema\/logo\/image\/","url":"https:\/\/www.gokturkpompa.com\/wp-content\/uploads\/2024\/12\/Remove-bg.ai_1735672499527.png","contentUrl":"https:\/\/www.gokturkpompa.com\/wp-content\/uploads\/2024\/12\/Remove-bg.ai_1735672499527.png","width":300,"height":85,"caption":"G\u00f6kt\u00fcrk Pompa"},"image":{"@id":"https:\/\/www.gokturkpompa.com\/#\/schema\/logo\/image\/"}}]}},"_links":{"self":[{"href":"https:\/\/www.gokturkpompa.com\/index.php\/wp-json\/wp\/v2\/product\/330","targetHints":{"allow":["GET"]}}],"collection":[{"href":"https:\/\/www.gokturkpompa.com\/index.php\/wp-json\/wp\/v2\/product"}],"about":[{"href":"https:\/\/www.gokturkpompa.com\/index.php\/wp-json\/wp\/v2\/types\/product"}],"replies":[{"embeddable":true,"href":"https:\/\/www.gokturkpompa.com\/index.php\/wp-json\/wp\/v2\/comments?post=330"}],"wp:featuredmedia":[{"embeddable":true,"href":"https:\/\/www.gokturkpompa.com\/index.php\/wp-json\/wp\/v2\/media\/331"}],"wp:attachment":[{"href":"https:\/\/www.gokturkpompa.com\/index.php\/wp-json\/wp\/v2\/media?parent=330"}],"wp:term":[{"taxonomy":"product_brand","embeddable":true,"href":"https:\/\/www.gokturkpompa.com\/index.php\/wp-json\/wp\/v2\/product_brand?post=330"},{"taxonomy":"product_cat","embeddable":true,"href":"https:\/\/www.gokturkpompa.com\/index.php\/wp-json\/wp\/v2\/product_cat?post=330"},{"taxonomy":"product_tag","embeddable":true,"href":"https:\/\/www.gokturkpompa.com\/index.php\/wp-json\/wp\/v2\/product_tag?post=330"}],"curies":[{"name":"wp","href":"https:\/\/api.w.org\/{rel}","templated":true}]}}