{"id":323,"date":"2024-12-31T19:00:10","date_gmt":"2024-12-31T16:00:10","guid":{"rendered":"https:\/\/neodizayn.site\/?post_type=product&#038;p=323"},"modified":"2024-12-31T19:01:15","modified_gmt":"2024-12-31T16:01:15","slug":"domestik-kure-hidroforlar","status":"publish","type":"product","link":"https:\/\/www.gokturkpompa.com\/index.php\/urun\/domestik-kure-hidroforlar\/","title":{"rendered":"Domestik K\u00fcre Hidroforlar"},"content":{"rendered":"<ul class=\"cs-pr-features-list-1\">Alarko otomatik domestik k\u00fcre hidroforlar\u0131, \u015febeke bas\u0131nc\u0131n\u0131n yetersiz kald\u0131\u011f\u0131 durumlarda, bas\u0131n\u00e7l\u0131 su temini i\u00e7in ideal \u00e7\u00f6z\u00fcmd\u00fcr. Son derece sessiz ve sars\u0131nt\u0131s\u0131z oldu\u011fundan daire i\u00e7inde bile kullan\u0131labilir.\u00a0 Alarko hidroforlar, tesisattaki bas\u0131n\u00e7 de\u011fi\u015fikliklerine g\u00f6re hidroforun otomatik olarak \u00e7al\u0131\u015fmas\u0131n\u0131 sa\u011flayan bir sisteme sahiptir.<\/ul>\n<p>&nbsp;<\/p>\n","protected":false},"excerpt":{"rendered":"<ul class=\"cs-pr-features-list-1\">Alarko otomatik domestik k\u00fcre hidroforlar\u0131, \u015febeke bas\u0131nc\u0131n\u0131n yetersiz kald\u0131\u011f\u0131 durumlarda, bas\u0131n\u00e7l\u0131 su temini i\u00e7in ideal \u00e7\u00f6z\u00fcmd\u00fcr. Son derece sessiz ve sars\u0131nt\u0131s\u0131z oldu\u011fundan daire i\u00e7inde bile kullan\u0131labilir.\u00a0 Alarko hidroforlar, tesisattaki bas\u0131n\u00e7 de\u011fi\u015fikliklerine g\u00f6re hidroforun otomatik olarak \u00e7al\u0131\u015fmas\u0131n\u0131 sa\u011flayan bir sisteme sahiptir.<\/ul>\n<p>&nbsp;<\/p>\n","protected":false},"featured_media":324,"comment_status":"open","ping_status":"closed","template":"","meta":{"saved_in_kubio":false},"product_brand":[],"product_cat":[19],"product_tag":[],"class_list":{"0":"post-323","1":"product","2":"type-product","3":"status-publish","4":"has-post-thumbnail","6":"product_cat-alarko","8":"first","9":"instock","10":"shipping-taxable","11":"product-type-simple"},"yoast_head":"<!-- This site is optimized with the Yoast SEO plugin v26.9 - https:\/\/yoast.com\/product\/yoast-seo-wordpress\/ -->\n<title>Domestik K\u00fcre Hidroforlar - G\u00f6kt\u00fcrk Pompa<\/title>\n<meta name=\"robots\" content=\"index, follow, max-snippet:-1, max-image-preview:large, max-video-preview:-1\" \/>\n<link rel=\"canonical\" href=\"https:\/\/www.gokturkpompa.com\/index.php\/urun\/domestik-kure-hidroforlar\/\" \/>\n<meta property=\"og:locale\" content=\"tr_TR\" \/>\n<meta property=\"og:type\" content=\"article\" \/>\n<meta property=\"og:title\" content=\"Domestik K\u00fcre Hidroforlar - G\u00f6kt\u00fcrk Pompa\" \/>\n<meta property=\"og:description\" content=\"Alarko otomatik domestik k\u00fcre hidroforlar\u0131, \u015febeke bas\u0131nc\u0131n\u0131n yetersiz kald\u0131\u011f\u0131 durumlarda, bas\u0131n\u00e7l\u0131 su temini i\u00e7in ideal \u00e7\u00f6z\u00fcmd\u00fcr. Son derece sessiz ve sars\u0131nt\u0131s\u0131z oldu\u011fundan daire i\u00e7inde bile kullan\u0131labilir.\u00a0 Alarko hidroforlar, tesisattaki bas\u0131n\u00e7 de\u011fi\u015fikliklerine g\u00f6re hidroforun otomatik olarak \u00e7al\u0131\u015fmas\u0131n\u0131 sa\u011flayan bir sisteme sahiptir. &nbsp;\" \/>\n<meta property=\"og:url\" content=\"https:\/\/www.gokturkpompa.com\/index.php\/urun\/domestik-kure-hidroforlar\/\" \/>\n<meta property=\"og:site_name\" content=\"G\u00f6kt\u00fcrk Pompa\" \/>\n<meta property=\"article:modified_time\" content=\"2024-12-31T16:01:15+00:00\" \/>\n<meta property=\"og:image\" content=\"https:\/\/www.gokturkpompa.com\/wp-content\/uploads\/2024\/12\/alarko-akh-hidrafor-2.webp\" \/>\n\t<meta property=\"og:image:width\" content=\"1000\" \/>\n\t<meta property=\"og:image:height\" content=\"817\" \/>\n\t<meta property=\"og:image:type\" content=\"image\/webp\" \/>\n<meta name=\"twitter:card\" content=\"summary_large_image\" \/>\n<script type=\"application\/ld+json\" class=\"yoast-schema-graph\">{\"@context\":\"https:\/\/schema.org\",\"@graph\":[{\"@type\":\"WebPage\",\"@id\":\"https:\/\/www.gokturkpompa.com\/index.php\/urun\/domestik-kure-hidroforlar\/\",\"url\":\"https:\/\/www.gokturkpompa.com\/index.php\/urun\/domestik-kure-hidroforlar\/\",\"name\":\"Domestik K\u00fcre Hidroforlar - G\u00f6kt\u00fcrk Pompa\",\"isPartOf\":{\"@id\":\"https:\/\/www.gokturkpompa.com\/#website\"},\"primaryImageOfPage\":{\"@id\":\"https:\/\/www.gokturkpompa.com\/index.php\/urun\/domestik-kure-hidroforlar\/#primaryimage\"},\"image\":{\"@id\":\"https:\/\/www.gokturkpompa.com\/index.php\/urun\/domestik-kure-hidroforlar\/#primaryimage\"},\"thumbnailUrl\":\"https:\/\/www.gokturkpompa.com\/wp-content\/uploads\/2024\/12\/alarko-akh-hidrafor-2.webp\",\"datePublished\":\"2024-12-31T16:00:10+00:00\",\"dateModified\":\"2024-12-31T16:01:15+00:00\",\"breadcrumb\":{\"@id\":\"https:\/\/www.gokturkpompa.com\/index.php\/urun\/domestik-kure-hidroforlar\/#breadcrumb\"},\"inLanguage\":\"tr\",\"potentialAction\":[{\"@type\":\"ReadAction\",\"target\":[\"https:\/\/www.gokturkpompa.com\/index.php\/urun\/domestik-kure-hidroforlar\/\"]}]},{\"@type\":\"ImageObject\",\"inLanguage\":\"tr\",\"@id\":\"https:\/\/www.gokturkpompa.com\/index.php\/urun\/domestik-kure-hidroforlar\/#primaryimage\",\"url\":\"https:\/\/www.gokturkpompa.com\/wp-content\/uploads\/2024\/12\/alarko-akh-hidrafor-2.webp\",\"contentUrl\":\"https:\/\/www.gokturkpompa.com\/wp-content\/uploads\/2024\/12\/alarko-akh-hidrafor-2.webp\",\"width\":1000,\"height\":817},{\"@type\":\"BreadcrumbList\",\"@id\":\"https:\/\/www.gokturkpompa.com\/index.php\/urun\/domestik-kure-hidroforlar\/#breadcrumb\",\"itemListElement\":[{\"@type\":\"ListItem\",\"position\":1,\"name\":\"Anasayfa\",\"item\":\"https:\/\/www.gokturkpompa.com\/\"},{\"@type\":\"ListItem\",\"position\":2,\"name\":\"Ma\u011faza\",\"item\":\"https:\/\/www.gokturkpompa.com\/index.php\/magaza\/\"},{\"@type\":\"ListItem\",\"position\":3,\"name\":\"Domestik K\u00fcre Hidroforlar\"}]},{\"@type\":\"WebSite\",\"@id\":\"https:\/\/www.gokturkpompa.com\/#website\",\"url\":\"https:\/\/www.gokturkpompa.com\/\",\"name\":\"G\u00f6kt\u00fcrk Pompa\",\"description\":\"G\u00f6kt\u00fcrk Pompa ve Hidrafor\",\"publisher\":{\"@id\":\"https:\/\/www.gokturkpompa.com\/#organization\"},\"potentialAction\":[{\"@type\":\"SearchAction\",\"target\":{\"@type\":\"EntryPoint\",\"urlTemplate\":\"https:\/\/www.gokturkpompa.com\/?s={search_term_string}\"},\"query-input\":{\"@type\":\"PropertyValueSpecification\",\"valueRequired\":true,\"valueName\":\"search_term_string\"}}],\"inLanguage\":\"tr\"},{\"@type\":\"Organization\",\"@id\":\"https:\/\/www.gokturkpompa.com\/#organization\",\"name\":\"G\u00f6kt\u00fcrk Pompa\",\"url\":\"https:\/\/www.gokturkpompa.com\/\",\"logo\":{\"@type\":\"ImageObject\",\"inLanguage\":\"tr\",\"@id\":\"https:\/\/www.gokturkpompa.com\/#\/schema\/logo\/image\/\",\"url\":\"https:\/\/www.gokturkpompa.com\/wp-content\/uploads\/2024\/12\/Remove-bg.ai_1735672499527.png\",\"contentUrl\":\"https:\/\/www.gokturkpompa.com\/wp-content\/uploads\/2024\/12\/Remove-bg.ai_1735672499527.png\",\"width\":300,\"height\":85,\"caption\":\"G\u00f6kt\u00fcrk Pompa\"},\"image\":{\"@id\":\"https:\/\/www.gokturkpompa.com\/#\/schema\/logo\/image\/\"}}]}<\/script>\n<!-- \/ Yoast SEO plugin. -->","yoast_head_json":{"title":"Domestik K\u00fcre Hidroforlar - G\u00f6kt\u00fcrk Pompa","robots":{"index":"index","follow":"follow","max-snippet":"max-snippet:-1","max-image-preview":"max-image-preview:large","max-video-preview":"max-video-preview:-1"},"canonical":"https:\/\/www.gokturkpompa.com\/index.php\/urun\/domestik-kure-hidroforlar\/","og_locale":"tr_TR","og_type":"article","og_title":"Domestik K\u00fcre Hidroforlar - G\u00f6kt\u00fcrk Pompa","og_description":"Alarko otomatik domestik k\u00fcre hidroforlar\u0131, \u015febeke bas\u0131nc\u0131n\u0131n yetersiz kald\u0131\u011f\u0131 durumlarda, bas\u0131n\u00e7l\u0131 su temini i\u00e7in ideal \u00e7\u00f6z\u00fcmd\u00fcr. Son derece sessiz ve sars\u0131nt\u0131s\u0131z oldu\u011fundan daire i\u00e7inde bile kullan\u0131labilir.\u00a0 Alarko hidroforlar, tesisattaki bas\u0131n\u00e7 de\u011fi\u015fikliklerine g\u00f6re hidroforun otomatik olarak \u00e7al\u0131\u015fmas\u0131n\u0131 sa\u011flayan bir sisteme sahiptir. &nbsp;","og_url":"https:\/\/www.gokturkpompa.com\/index.php\/urun\/domestik-kure-hidroforlar\/","og_site_name":"G\u00f6kt\u00fcrk Pompa","article_modified_time":"2024-12-31T16:01:15+00:00","og_image":[{"width":1000,"height":817,"url":"https:\/\/www.gokturkpompa.com\/wp-content\/uploads\/2024\/12\/alarko-akh-hidrafor-2.webp","type":"image\/webp"}],"twitter_card":"summary_large_image","schema":{"@context":"https:\/\/schema.org","@graph":[{"@type":"WebPage","@id":"https:\/\/www.gokturkpompa.com\/index.php\/urun\/domestik-kure-hidroforlar\/","url":"https:\/\/www.gokturkpompa.com\/index.php\/urun\/domestik-kure-hidroforlar\/","name":"Domestik K\u00fcre Hidroforlar - G\u00f6kt\u00fcrk Pompa","isPartOf":{"@id":"https:\/\/www.gokturkpompa.com\/#website"},"primaryImageOfPage":{"@id":"https:\/\/www.gokturkpompa.com\/index.php\/urun\/domestik-kure-hidroforlar\/#primaryimage"},"image":{"@id":"https:\/\/www.gokturkpompa.com\/index.php\/urun\/domestik-kure-hidroforlar\/#primaryimage"},"thumbnailUrl":"https:\/\/www.gokturkpompa.com\/wp-content\/uploads\/2024\/12\/alarko-akh-hidrafor-2.webp","datePublished":"2024-12-31T16:00:10+00:00","dateModified":"2024-12-31T16:01:15+00:00","breadcrumb":{"@id":"https:\/\/www.gokturkpompa.com\/index.php\/urun\/domestik-kure-hidroforlar\/#breadcrumb"},"inLanguage":"tr","potentialAction":[{"@type":"ReadAction","target":["https:\/\/www.gokturkpompa.com\/index.php\/urun\/domestik-kure-hidroforlar\/"]}]},{"@type":"ImageObject","inLanguage":"tr","@id":"https:\/\/www.gokturkpompa.com\/index.php\/urun\/domestik-kure-hidroforlar\/#primaryimage","url":"https:\/\/www.gokturkpompa.com\/wp-content\/uploads\/2024\/12\/alarko-akh-hidrafor-2.webp","contentUrl":"https:\/\/www.gokturkpompa.com\/wp-content\/uploads\/2024\/12\/alarko-akh-hidrafor-2.webp","width":1000,"height":817},{"@type":"BreadcrumbList","@id":"https:\/\/www.gokturkpompa.com\/index.php\/urun\/domestik-kure-hidroforlar\/#breadcrumb","itemListElement":[{"@type":"ListItem","position":1,"name":"Anasayfa","item":"https:\/\/www.gokturkpompa.com\/"},{"@type":"ListItem","position":2,"name":"Ma\u011faza","item":"https:\/\/www.gokturkpompa.com\/index.php\/magaza\/"},{"@type":"ListItem","position":3,"name":"Domestik K\u00fcre Hidroforlar"}]},{"@type":"WebSite","@id":"https:\/\/www.gokturkpompa.com\/#website","url":"https:\/\/www.gokturkpompa.com\/","name":"G\u00f6kt\u00fcrk Pompa","description":"G\u00f6kt\u00fcrk Pompa ve Hidrafor","publisher":{"@id":"https:\/\/www.gokturkpompa.com\/#organization"},"potentialAction":[{"@type":"SearchAction","target":{"@type":"EntryPoint","urlTemplate":"https:\/\/www.gokturkpompa.com\/?s={search_term_string}"},"query-input":{"@type":"PropertyValueSpecification","valueRequired":true,"valueName":"search_term_string"}}],"inLanguage":"tr"},{"@type":"Organization","@id":"https:\/\/www.gokturkpompa.com\/#organization","name":"G\u00f6kt\u00fcrk Pompa","url":"https:\/\/www.gokturkpompa.com\/","logo":{"@type":"ImageObject","inLanguage":"tr","@id":"https:\/\/www.gokturkpompa.com\/#\/schema\/logo\/image\/","url":"https:\/\/www.gokturkpompa.com\/wp-content\/uploads\/2024\/12\/Remove-bg.ai_1735672499527.png","contentUrl":"https:\/\/www.gokturkpompa.com\/wp-content\/uploads\/2024\/12\/Remove-bg.ai_1735672499527.png","width":300,"height":85,"caption":"G\u00f6kt\u00fcrk Pompa"},"image":{"@id":"https:\/\/www.gokturkpompa.com\/#\/schema\/logo\/image\/"}}]}},"_links":{"self":[{"href":"https:\/\/www.gokturkpompa.com\/index.php\/wp-json\/wp\/v2\/product\/323","targetHints":{"allow":["GET"]}}],"collection":[{"href":"https:\/\/www.gokturkpompa.com\/index.php\/wp-json\/wp\/v2\/product"}],"about":[{"href":"https:\/\/www.gokturkpompa.com\/index.php\/wp-json\/wp\/v2\/types\/product"}],"replies":[{"embeddable":true,"href":"https:\/\/www.gokturkpompa.com\/index.php\/wp-json\/wp\/v2\/comments?post=323"}],"wp:featuredmedia":[{"embeddable":true,"href":"https:\/\/www.gokturkpompa.com\/index.php\/wp-json\/wp\/v2\/media\/324"}],"wp:attachment":[{"href":"https:\/\/www.gokturkpompa.com\/index.php\/wp-json\/wp\/v2\/media?parent=323"}],"wp:term":[{"taxonomy":"product_brand","embeddable":true,"href":"https:\/\/www.gokturkpompa.com\/index.php\/wp-json\/wp\/v2\/product_brand?post=323"},{"taxonomy":"product_cat","embeddable":true,"href":"https:\/\/www.gokturkpompa.com\/index.php\/wp-json\/wp\/v2\/product_cat?post=323"},{"taxonomy":"product_tag","embeddable":true,"href":"https:\/\/www.gokturkpompa.com\/index.php\/wp-json\/wp\/v2\/product_tag?post=323"}],"curies":[{"name":"wp","href":"https:\/\/api.w.org\/{rel}","templated":true}]}}