{"id":320,"date":"2024-12-31T17:33:59","date_gmt":"2024-12-31T14:33:59","guid":{"rendered":"https:\/\/neodizayn.site\/?post_type=product&#038;p=320"},"modified":"2024-12-31T17:34:00","modified_gmt":"2024-12-31T14:34:00","slug":"alarko-aldh-2-4-serisi-hidrofor","status":"publish","type":"product","link":"https:\/\/www.gokturkpompa.com\/index.php\/urun\/alarko-aldh-2-4-serisi-hidrofor\/","title":{"rendered":"Alarko ALDH 2\/4 Serisi Hidrofor"},"content":{"rendered":"<ul class=\"cs-pr-features-list-1\">Alarko Carrier yar\u0131m y\u00fczy\u0131la yakla\u015fan deneyimi ile \u00fcretti\u011fi ALDH hidroforlarda yapt\u0131\u011f\u0131 geli\u015ftirme ve yeniliklerle kullan\u0131c\u0131s\u0131na sundu\u011fu kalite standart\u0131n\u0131 y\u00fckseltiyor. \u00d6zel tasarlanm\u0131\u015f, kompakt ve g\u00fcvenilir hidroforlarla, i\u00e7me, kullanma, proses ve sulama sular\u0131n\u0131n s\u00fcrekli ve istenilen seviyede tutulmas\u0131nda ekonomik ve g\u00fcvenilir \u00e7\u00f6z\u00fcmler sunuyor.<\/ul>\n<p>&nbsp;<\/p>\n","protected":false},"excerpt":{"rendered":"<ul class=\"cs-pr-features-list-1\">Alarko Carrier yar\u0131m y\u00fczy\u0131la yakla\u015fan deneyimi ile \u00fcretti\u011fi ALDH hidroforlarda yapt\u0131\u011f\u0131 geli\u015ftirme ve yeniliklerle kullan\u0131c\u0131s\u0131na sundu\u011fu kalite standart\u0131n\u0131 y\u00fckseltiyor. \u00d6zel tasarlanm\u0131\u015f, kompakt ve g\u00fcvenilir hidroforlarla, i\u00e7me, kullanma, proses ve sulama sular\u0131n\u0131n s\u00fcrekli ve istenilen seviyede tutulmas\u0131nda ekonomik ve g\u00fcvenilir \u00e7\u00f6z\u00fcmler sunuyor.<\/ul>\n","protected":false},"featured_media":321,"comment_status":"open","ping_status":"closed","template":"","meta":{"saved_in_kubio":false},"product_brand":[],"product_cat":[19],"product_tag":[],"class_list":{"0":"post-320","1":"product","2":"type-product","3":"status-publish","4":"has-post-thumbnail","6":"product_cat-alarko","8":"first","9":"instock","10":"shipping-taxable","11":"product-type-simple"},"yoast_head":"<!-- This site is optimized with the Yoast SEO plugin v26.9 - https:\/\/yoast.com\/product\/yoast-seo-wordpress\/ -->\n<title>Alarko ALDH 2\/4 Serisi Hidrofor - G\u00f6kt\u00fcrk Pompa<\/title>\n<meta name=\"robots\" content=\"index, follow, max-snippet:-1, max-image-preview:large, max-video-preview:-1\" \/>\n<link rel=\"canonical\" href=\"https:\/\/www.gokturkpompa.com\/index.php\/urun\/alarko-aldh-2-4-serisi-hidrofor\/\" \/>\n<meta property=\"og:locale\" content=\"tr_TR\" \/>\n<meta property=\"og:type\" content=\"article\" \/>\n<meta property=\"og:title\" content=\"Alarko ALDH 2\/4 Serisi Hidrofor - G\u00f6kt\u00fcrk Pompa\" \/>\n<meta property=\"og:description\" content=\"Alarko Carrier yar\u0131m y\u00fczy\u0131la yakla\u015fan deneyimi ile \u00fcretti\u011fi ALDH hidroforlarda yapt\u0131\u011f\u0131 geli\u015ftirme ve yeniliklerle kullan\u0131c\u0131s\u0131na sundu\u011fu kalite standart\u0131n\u0131 y\u00fckseltiyor. \u00d6zel tasarlanm\u0131\u015f, kompakt ve g\u00fcvenilir hidroforlarla, i\u00e7me, kullanma, proses ve sulama sular\u0131n\u0131n s\u00fcrekli ve istenilen seviyede tutulmas\u0131nda ekonomik ve g\u00fcvenilir \u00e7\u00f6z\u00fcmler sunuyor.\" \/>\n<meta property=\"og:url\" content=\"https:\/\/www.gokturkpompa.com\/index.php\/urun\/alarko-aldh-2-4-serisi-hidrofor\/\" \/>\n<meta property=\"og:site_name\" content=\"G\u00f6kt\u00fcrk Pompa\" \/>\n<meta property=\"article:modified_time\" content=\"2024-12-31T14:34:00+00:00\" \/>\n<meta property=\"og:image\" content=\"https:\/\/www.gokturkpompa.com\/wp-content\/uploads\/2024\/12\/2-4-aldh-hidrofor-2.webp\" \/>\n\t<meta property=\"og:image:width\" content=\"600\" \/>\n\t<meta property=\"og:image:height\" content=\"490\" \/>\n\t<meta property=\"og:image:type\" content=\"image\/webp\" \/>\n<meta name=\"twitter:card\" content=\"summary_large_image\" \/>\n<script type=\"application\/ld+json\" class=\"yoast-schema-graph\">{\"@context\":\"https:\/\/schema.org\",\"@graph\":[{\"@type\":\"WebPage\",\"@id\":\"https:\/\/www.gokturkpompa.com\/index.php\/urun\/alarko-aldh-2-4-serisi-hidrofor\/\",\"url\":\"https:\/\/www.gokturkpompa.com\/index.php\/urun\/alarko-aldh-2-4-serisi-hidrofor\/\",\"name\":\"Alarko ALDH 2\/4 Serisi Hidrofor - G\u00f6kt\u00fcrk Pompa\",\"isPartOf\":{\"@id\":\"https:\/\/www.gokturkpompa.com\/#website\"},\"primaryImageOfPage\":{\"@id\":\"https:\/\/www.gokturkpompa.com\/index.php\/urun\/alarko-aldh-2-4-serisi-hidrofor\/#primaryimage\"},\"image\":{\"@id\":\"https:\/\/www.gokturkpompa.com\/index.php\/urun\/alarko-aldh-2-4-serisi-hidrofor\/#primaryimage\"},\"thumbnailUrl\":\"https:\/\/www.gokturkpompa.com\/wp-content\/uploads\/2024\/12\/2-4-aldh-hidrofor-2.webp\",\"datePublished\":\"2024-12-31T14:33:59+00:00\",\"dateModified\":\"2024-12-31T14:34:00+00:00\",\"breadcrumb\":{\"@id\":\"https:\/\/www.gokturkpompa.com\/index.php\/urun\/alarko-aldh-2-4-serisi-hidrofor\/#breadcrumb\"},\"inLanguage\":\"tr\",\"potentialAction\":[{\"@type\":\"ReadAction\",\"target\":[\"https:\/\/www.gokturkpompa.com\/index.php\/urun\/alarko-aldh-2-4-serisi-hidrofor\/\"]}]},{\"@type\":\"ImageObject\",\"inLanguage\":\"tr\",\"@id\":\"https:\/\/www.gokturkpompa.com\/index.php\/urun\/alarko-aldh-2-4-serisi-hidrofor\/#primaryimage\",\"url\":\"https:\/\/www.gokturkpompa.com\/wp-content\/uploads\/2024\/12\/2-4-aldh-hidrofor-2.webp\",\"contentUrl\":\"https:\/\/www.gokturkpompa.com\/wp-content\/uploads\/2024\/12\/2-4-aldh-hidrofor-2.webp\",\"width\":600,\"height\":490},{\"@type\":\"BreadcrumbList\",\"@id\":\"https:\/\/www.gokturkpompa.com\/index.php\/urun\/alarko-aldh-2-4-serisi-hidrofor\/#breadcrumb\",\"itemListElement\":[{\"@type\":\"ListItem\",\"position\":1,\"name\":\"Anasayfa\",\"item\":\"https:\/\/www.gokturkpompa.com\/\"},{\"@type\":\"ListItem\",\"position\":2,\"name\":\"Ma\u011faza\",\"item\":\"https:\/\/www.gokturkpompa.com\/index.php\/magaza\/\"},{\"@type\":\"ListItem\",\"position\":3,\"name\":\"Alarko ALDH 2\/4 Serisi Hidrofor\"}]},{\"@type\":\"WebSite\",\"@id\":\"https:\/\/www.gokturkpompa.com\/#website\",\"url\":\"https:\/\/www.gokturkpompa.com\/\",\"name\":\"G\u00f6kt\u00fcrk Pompa\",\"description\":\"G\u00f6kt\u00fcrk Pompa ve Hidrafor\",\"publisher\":{\"@id\":\"https:\/\/www.gokturkpompa.com\/#organization\"},\"potentialAction\":[{\"@type\":\"SearchAction\",\"target\":{\"@type\":\"EntryPoint\",\"urlTemplate\":\"https:\/\/www.gokturkpompa.com\/?s={search_term_string}\"},\"query-input\":{\"@type\":\"PropertyValueSpecification\",\"valueRequired\":true,\"valueName\":\"search_term_string\"}}],\"inLanguage\":\"tr\"},{\"@type\":\"Organization\",\"@id\":\"https:\/\/www.gokturkpompa.com\/#organization\",\"name\":\"G\u00f6kt\u00fcrk Pompa\",\"url\":\"https:\/\/www.gokturkpompa.com\/\",\"logo\":{\"@type\":\"ImageObject\",\"inLanguage\":\"tr\",\"@id\":\"https:\/\/www.gokturkpompa.com\/#\/schema\/logo\/image\/\",\"url\":\"https:\/\/www.gokturkpompa.com\/wp-content\/uploads\/2024\/12\/Remove-bg.ai_1735672499527.png\",\"contentUrl\":\"https:\/\/www.gokturkpompa.com\/wp-content\/uploads\/2024\/12\/Remove-bg.ai_1735672499527.png\",\"width\":300,\"height\":85,\"caption\":\"G\u00f6kt\u00fcrk Pompa\"},\"image\":{\"@id\":\"https:\/\/www.gokturkpompa.com\/#\/schema\/logo\/image\/\"}}]}<\/script>\n<!-- \/ Yoast SEO plugin. -->","yoast_head_json":{"title":"Alarko ALDH 2\/4 Serisi Hidrofor - G\u00f6kt\u00fcrk Pompa","robots":{"index":"index","follow":"follow","max-snippet":"max-snippet:-1","max-image-preview":"max-image-preview:large","max-video-preview":"max-video-preview:-1"},"canonical":"https:\/\/www.gokturkpompa.com\/index.php\/urun\/alarko-aldh-2-4-serisi-hidrofor\/","og_locale":"tr_TR","og_type":"article","og_title":"Alarko ALDH 2\/4 Serisi Hidrofor - G\u00f6kt\u00fcrk Pompa","og_description":"Alarko Carrier yar\u0131m y\u00fczy\u0131la yakla\u015fan deneyimi ile \u00fcretti\u011fi ALDH hidroforlarda yapt\u0131\u011f\u0131 geli\u015ftirme ve yeniliklerle kullan\u0131c\u0131s\u0131na sundu\u011fu kalite standart\u0131n\u0131 y\u00fckseltiyor. \u00d6zel tasarlanm\u0131\u015f, kompakt ve g\u00fcvenilir hidroforlarla, i\u00e7me, kullanma, proses ve sulama sular\u0131n\u0131n s\u00fcrekli ve istenilen seviyede tutulmas\u0131nda ekonomik ve g\u00fcvenilir \u00e7\u00f6z\u00fcmler sunuyor.","og_url":"https:\/\/www.gokturkpompa.com\/index.php\/urun\/alarko-aldh-2-4-serisi-hidrofor\/","og_site_name":"G\u00f6kt\u00fcrk Pompa","article_modified_time":"2024-12-31T14:34:00+00:00","og_image":[{"width":600,"height":490,"url":"https:\/\/www.gokturkpompa.com\/wp-content\/uploads\/2024\/12\/2-4-aldh-hidrofor-2.webp","type":"image\/webp"}],"twitter_card":"summary_large_image","schema":{"@context":"https:\/\/schema.org","@graph":[{"@type":"WebPage","@id":"https:\/\/www.gokturkpompa.com\/index.php\/urun\/alarko-aldh-2-4-serisi-hidrofor\/","url":"https:\/\/www.gokturkpompa.com\/index.php\/urun\/alarko-aldh-2-4-serisi-hidrofor\/","name":"Alarko ALDH 2\/4 Serisi Hidrofor - G\u00f6kt\u00fcrk Pompa","isPartOf":{"@id":"https:\/\/www.gokturkpompa.com\/#website"},"primaryImageOfPage":{"@id":"https:\/\/www.gokturkpompa.com\/index.php\/urun\/alarko-aldh-2-4-serisi-hidrofor\/#primaryimage"},"image":{"@id":"https:\/\/www.gokturkpompa.com\/index.php\/urun\/alarko-aldh-2-4-serisi-hidrofor\/#primaryimage"},"thumbnailUrl":"https:\/\/www.gokturkpompa.com\/wp-content\/uploads\/2024\/12\/2-4-aldh-hidrofor-2.webp","datePublished":"2024-12-31T14:33:59+00:00","dateModified":"2024-12-31T14:34:00+00:00","breadcrumb":{"@id":"https:\/\/www.gokturkpompa.com\/index.php\/urun\/alarko-aldh-2-4-serisi-hidrofor\/#breadcrumb"},"inLanguage":"tr","potentialAction":[{"@type":"ReadAction","target":["https:\/\/www.gokturkpompa.com\/index.php\/urun\/alarko-aldh-2-4-serisi-hidrofor\/"]}]},{"@type":"ImageObject","inLanguage":"tr","@id":"https:\/\/www.gokturkpompa.com\/index.php\/urun\/alarko-aldh-2-4-serisi-hidrofor\/#primaryimage","url":"https:\/\/www.gokturkpompa.com\/wp-content\/uploads\/2024\/12\/2-4-aldh-hidrofor-2.webp","contentUrl":"https:\/\/www.gokturkpompa.com\/wp-content\/uploads\/2024\/12\/2-4-aldh-hidrofor-2.webp","width":600,"height":490},{"@type":"BreadcrumbList","@id":"https:\/\/www.gokturkpompa.com\/index.php\/urun\/alarko-aldh-2-4-serisi-hidrofor\/#breadcrumb","itemListElement":[{"@type":"ListItem","position":1,"name":"Anasayfa","item":"https:\/\/www.gokturkpompa.com\/"},{"@type":"ListItem","position":2,"name":"Ma\u011faza","item":"https:\/\/www.gokturkpompa.com\/index.php\/magaza\/"},{"@type":"ListItem","position":3,"name":"Alarko ALDH 2\/4 Serisi Hidrofor"}]},{"@type":"WebSite","@id":"https:\/\/www.gokturkpompa.com\/#website","url":"https:\/\/www.gokturkpompa.com\/","name":"G\u00f6kt\u00fcrk Pompa","description":"G\u00f6kt\u00fcrk Pompa ve Hidrafor","publisher":{"@id":"https:\/\/www.gokturkpompa.com\/#organization"},"potentialAction":[{"@type":"SearchAction","target":{"@type":"EntryPoint","urlTemplate":"https:\/\/www.gokturkpompa.com\/?s={search_term_string}"},"query-input":{"@type":"PropertyValueSpecification","valueRequired":true,"valueName":"search_term_string"}}],"inLanguage":"tr"},{"@type":"Organization","@id":"https:\/\/www.gokturkpompa.com\/#organization","name":"G\u00f6kt\u00fcrk Pompa","url":"https:\/\/www.gokturkpompa.com\/","logo":{"@type":"ImageObject","inLanguage":"tr","@id":"https:\/\/www.gokturkpompa.com\/#\/schema\/logo\/image\/","url":"https:\/\/www.gokturkpompa.com\/wp-content\/uploads\/2024\/12\/Remove-bg.ai_1735672499527.png","contentUrl":"https:\/\/www.gokturkpompa.com\/wp-content\/uploads\/2024\/12\/Remove-bg.ai_1735672499527.png","width":300,"height":85,"caption":"G\u00f6kt\u00fcrk Pompa"},"image":{"@id":"https:\/\/www.gokturkpompa.com\/#\/schema\/logo\/image\/"}}]}},"_links":{"self":[{"href":"https:\/\/www.gokturkpompa.com\/index.php\/wp-json\/wp\/v2\/product\/320","targetHints":{"allow":["GET"]}}],"collection":[{"href":"https:\/\/www.gokturkpompa.com\/index.php\/wp-json\/wp\/v2\/product"}],"about":[{"href":"https:\/\/www.gokturkpompa.com\/index.php\/wp-json\/wp\/v2\/types\/product"}],"replies":[{"embeddable":true,"href":"https:\/\/www.gokturkpompa.com\/index.php\/wp-json\/wp\/v2\/comments?post=320"}],"wp:featuredmedia":[{"embeddable":true,"href":"https:\/\/www.gokturkpompa.com\/index.php\/wp-json\/wp\/v2\/media\/321"}],"wp:attachment":[{"href":"https:\/\/www.gokturkpompa.com\/index.php\/wp-json\/wp\/v2\/media?parent=320"}],"wp:term":[{"taxonomy":"product_brand","embeddable":true,"href":"https:\/\/www.gokturkpompa.com\/index.php\/wp-json\/wp\/v2\/product_brand?post=320"},{"taxonomy":"product_cat","embeddable":true,"href":"https:\/\/www.gokturkpompa.com\/index.php\/wp-json\/wp\/v2\/product_cat?post=320"},{"taxonomy":"product_tag","embeddable":true,"href":"https:\/\/www.gokturkpompa.com\/index.php\/wp-json\/wp\/v2\/product_tag?post=320"}],"curies":[{"name":"wp","href":"https:\/\/api.w.org\/{rel}","templated":true}]}}