{"id":318,"date":"2024-12-31T17:19:02","date_gmt":"2024-12-31T14:19:02","guid":{"rendered":"https:\/\/neodizayn.site\/?post_type=product&#038;p=318"},"modified":"2024-12-31T17:19:02","modified_gmt":"2024-12-31T14:19:02","slug":"kuyu-ve-sarniclar-icin-dalgic-pompa","status":"publish","type":"product","link":"https:\/\/www.gokturkpompa.com\/index.php\/urun\/kuyu-ve-sarniclar-icin-dalgic-pompa\/","title":{"rendered":"Kuyu ve Sarn\u0131\u00e7lar \u0130\u00e7in Dalg\u0131\u00e7 Pompa"},"content":{"rendered":"<ul class=\"cs-pr-features-list-1\">Pompada \u00f6nc\u00fc, Alarko Carrier g\u00fcvencesi ile&#8230;Pratik, g\u00fcvenilir. Verimli, sa\u011flam. \u00dcst\u00fcn pompa \u00f6zellikleri. \u00dcst\u00fcn motor \u00f6zellikleri.<\/ul>\n<p>&nbsp;<\/p>\n","protected":false},"excerpt":{"rendered":"<ul class=\"cs-pr-features-list-1\">Pompada \u00f6nc\u00fc, Alarko Carrier g\u00fcvencesi ile&#8230;Pratik, g\u00fcvenilir. Verimli, sa\u011flam. \u00dcst\u00fcn pompa \u00f6zellikleri. \u00dcst\u00fcn motor \u00f6zellikleri.<\/ul>\n<p>&nbsp;<\/p>\n","protected":false},"featured_media":319,"comment_status":"open","ping_status":"closed","template":"","meta":{"saved_in_kubio":false},"product_brand":[],"product_cat":[19],"product_tag":[],"class_list":{"0":"post-318","1":"product","2":"type-product","3":"status-publish","4":"has-post-thumbnail","6":"product_cat-alarko","8":"first","9":"instock","10":"shipping-taxable","11":"product-type-simple"},"yoast_head":"<!-- This site is optimized with the Yoast SEO plugin v26.9 - https:\/\/yoast.com\/product\/yoast-seo-wordpress\/ -->\n<title>Kuyu ve Sarn\u0131\u00e7lar \u0130\u00e7in Dalg\u0131\u00e7 Pompa - G\u00f6kt\u00fcrk Pompa<\/title>\n<meta name=\"robots\" content=\"index, follow, max-snippet:-1, max-image-preview:large, max-video-preview:-1\" \/>\n<link rel=\"canonical\" href=\"https:\/\/www.gokturkpompa.com\/index.php\/urun\/kuyu-ve-sarniclar-icin-dalgic-pompa\/\" \/>\n<meta property=\"og:locale\" content=\"tr_TR\" \/>\n<meta property=\"og:type\" content=\"article\" \/>\n<meta property=\"og:title\" content=\"Kuyu ve Sarn\u0131\u00e7lar \u0130\u00e7in Dalg\u0131\u00e7 Pompa - G\u00f6kt\u00fcrk Pompa\" \/>\n<meta property=\"og:description\" content=\"Pompada \u00f6nc\u00fc, Alarko Carrier g\u00fcvencesi ile...Pratik, g\u00fcvenilir. Verimli, sa\u011flam. \u00dcst\u00fcn pompa \u00f6zellikleri. \u00dcst\u00fcn motor \u00f6zellikleri. &nbsp;\" \/>\n<meta property=\"og:url\" content=\"https:\/\/www.gokturkpompa.com\/index.php\/urun\/kuyu-ve-sarniclar-icin-dalgic-pompa\/\" \/>\n<meta property=\"og:site_name\" content=\"G\u00f6kt\u00fcrk Pompa\" \/>\n<meta property=\"og:image\" content=\"https:\/\/www.gokturkpompa.com\/wp-content\/uploads\/2024\/12\/dalgic-pompa-alarko-scm-2.webp\" \/>\n\t<meta property=\"og:image:width\" content=\"377\" \/>\n\t<meta property=\"og:image:height\" content=\"322\" \/>\n\t<meta property=\"og:image:type\" content=\"image\/webp\" \/>\n<meta name=\"twitter:card\" content=\"summary_large_image\" \/>\n<script type=\"application\/ld+json\" class=\"yoast-schema-graph\">{\"@context\":\"https:\/\/schema.org\",\"@graph\":[{\"@type\":\"WebPage\",\"@id\":\"https:\/\/www.gokturkpompa.com\/index.php\/urun\/kuyu-ve-sarniclar-icin-dalgic-pompa\/\",\"url\":\"https:\/\/www.gokturkpompa.com\/index.php\/urun\/kuyu-ve-sarniclar-icin-dalgic-pompa\/\",\"name\":\"Kuyu ve Sarn\u0131\u00e7lar \u0130\u00e7in Dalg\u0131\u00e7 Pompa - G\u00f6kt\u00fcrk Pompa\",\"isPartOf\":{\"@id\":\"https:\/\/www.gokturkpompa.com\/#website\"},\"primaryImageOfPage\":{\"@id\":\"https:\/\/www.gokturkpompa.com\/index.php\/urun\/kuyu-ve-sarniclar-icin-dalgic-pompa\/#primaryimage\"},\"image\":{\"@id\":\"https:\/\/www.gokturkpompa.com\/index.php\/urun\/kuyu-ve-sarniclar-icin-dalgic-pompa\/#primaryimage\"},\"thumbnailUrl\":\"https:\/\/www.gokturkpompa.com\/wp-content\/uploads\/2024\/12\/dalgic-pompa-alarko-scm-2.webp\",\"datePublished\":\"2024-12-31T14:19:02+00:00\",\"breadcrumb\":{\"@id\":\"https:\/\/www.gokturkpompa.com\/index.php\/urun\/kuyu-ve-sarniclar-icin-dalgic-pompa\/#breadcrumb\"},\"inLanguage\":\"tr\",\"potentialAction\":[{\"@type\":\"ReadAction\",\"target\":[\"https:\/\/www.gokturkpompa.com\/index.php\/urun\/kuyu-ve-sarniclar-icin-dalgic-pompa\/\"]}]},{\"@type\":\"ImageObject\",\"inLanguage\":\"tr\",\"@id\":\"https:\/\/www.gokturkpompa.com\/index.php\/urun\/kuyu-ve-sarniclar-icin-dalgic-pompa\/#primaryimage\",\"url\":\"https:\/\/www.gokturkpompa.com\/wp-content\/uploads\/2024\/12\/dalgic-pompa-alarko-scm-2.webp\",\"contentUrl\":\"https:\/\/www.gokturkpompa.com\/wp-content\/uploads\/2024\/12\/dalgic-pompa-alarko-scm-2.webp\",\"width\":377,\"height\":322},{\"@type\":\"BreadcrumbList\",\"@id\":\"https:\/\/www.gokturkpompa.com\/index.php\/urun\/kuyu-ve-sarniclar-icin-dalgic-pompa\/#breadcrumb\",\"itemListElement\":[{\"@type\":\"ListItem\",\"position\":1,\"name\":\"Anasayfa\",\"item\":\"https:\/\/www.gokturkpompa.com\/\"},{\"@type\":\"ListItem\",\"position\":2,\"name\":\"Ma\u011faza\",\"item\":\"https:\/\/www.gokturkpompa.com\/index.php\/magaza\/\"},{\"@type\":\"ListItem\",\"position\":3,\"name\":\"Kuyu ve Sarn\u0131\u00e7lar \u0130\u00e7in Dalg\u0131\u00e7 Pompa\"}]},{\"@type\":\"WebSite\",\"@id\":\"https:\/\/www.gokturkpompa.com\/#website\",\"url\":\"https:\/\/www.gokturkpompa.com\/\",\"name\":\"G\u00f6kt\u00fcrk Pompa\",\"description\":\"G\u00f6kt\u00fcrk Pompa ve Hidrafor\",\"publisher\":{\"@id\":\"https:\/\/www.gokturkpompa.com\/#organization\"},\"potentialAction\":[{\"@type\":\"SearchAction\",\"target\":{\"@type\":\"EntryPoint\",\"urlTemplate\":\"https:\/\/www.gokturkpompa.com\/?s={search_term_string}\"},\"query-input\":{\"@type\":\"PropertyValueSpecification\",\"valueRequired\":true,\"valueName\":\"search_term_string\"}}],\"inLanguage\":\"tr\"},{\"@type\":\"Organization\",\"@id\":\"https:\/\/www.gokturkpompa.com\/#organization\",\"name\":\"G\u00f6kt\u00fcrk Pompa\",\"url\":\"https:\/\/www.gokturkpompa.com\/\",\"logo\":{\"@type\":\"ImageObject\",\"inLanguage\":\"tr\",\"@id\":\"https:\/\/www.gokturkpompa.com\/#\/schema\/logo\/image\/\",\"url\":\"https:\/\/www.gokturkpompa.com\/wp-content\/uploads\/2024\/12\/Remove-bg.ai_1735672499527.png\",\"contentUrl\":\"https:\/\/www.gokturkpompa.com\/wp-content\/uploads\/2024\/12\/Remove-bg.ai_1735672499527.png\",\"width\":300,\"height\":85,\"caption\":\"G\u00f6kt\u00fcrk Pompa\"},\"image\":{\"@id\":\"https:\/\/www.gokturkpompa.com\/#\/schema\/logo\/image\/\"}}]}<\/script>\n<!-- \/ Yoast SEO plugin. -->","yoast_head_json":{"title":"Kuyu ve Sarn\u0131\u00e7lar \u0130\u00e7in Dalg\u0131\u00e7 Pompa - G\u00f6kt\u00fcrk Pompa","robots":{"index":"index","follow":"follow","max-snippet":"max-snippet:-1","max-image-preview":"max-image-preview:large","max-video-preview":"max-video-preview:-1"},"canonical":"https:\/\/www.gokturkpompa.com\/index.php\/urun\/kuyu-ve-sarniclar-icin-dalgic-pompa\/","og_locale":"tr_TR","og_type":"article","og_title":"Kuyu ve Sarn\u0131\u00e7lar \u0130\u00e7in Dalg\u0131\u00e7 Pompa - G\u00f6kt\u00fcrk Pompa","og_description":"Pompada \u00f6nc\u00fc, Alarko Carrier g\u00fcvencesi ile...Pratik, g\u00fcvenilir. Verimli, sa\u011flam. \u00dcst\u00fcn pompa \u00f6zellikleri. \u00dcst\u00fcn motor \u00f6zellikleri. &nbsp;","og_url":"https:\/\/www.gokturkpompa.com\/index.php\/urun\/kuyu-ve-sarniclar-icin-dalgic-pompa\/","og_site_name":"G\u00f6kt\u00fcrk Pompa","og_image":[{"width":377,"height":322,"url":"https:\/\/www.gokturkpompa.com\/wp-content\/uploads\/2024\/12\/dalgic-pompa-alarko-scm-2.webp","type":"image\/webp"}],"twitter_card":"summary_large_image","schema":{"@context":"https:\/\/schema.org","@graph":[{"@type":"WebPage","@id":"https:\/\/www.gokturkpompa.com\/index.php\/urun\/kuyu-ve-sarniclar-icin-dalgic-pompa\/","url":"https:\/\/www.gokturkpompa.com\/index.php\/urun\/kuyu-ve-sarniclar-icin-dalgic-pompa\/","name":"Kuyu ve Sarn\u0131\u00e7lar \u0130\u00e7in Dalg\u0131\u00e7 Pompa - G\u00f6kt\u00fcrk Pompa","isPartOf":{"@id":"https:\/\/www.gokturkpompa.com\/#website"},"primaryImageOfPage":{"@id":"https:\/\/www.gokturkpompa.com\/index.php\/urun\/kuyu-ve-sarniclar-icin-dalgic-pompa\/#primaryimage"},"image":{"@id":"https:\/\/www.gokturkpompa.com\/index.php\/urun\/kuyu-ve-sarniclar-icin-dalgic-pompa\/#primaryimage"},"thumbnailUrl":"https:\/\/www.gokturkpompa.com\/wp-content\/uploads\/2024\/12\/dalgic-pompa-alarko-scm-2.webp","datePublished":"2024-12-31T14:19:02+00:00","breadcrumb":{"@id":"https:\/\/www.gokturkpompa.com\/index.php\/urun\/kuyu-ve-sarniclar-icin-dalgic-pompa\/#breadcrumb"},"inLanguage":"tr","potentialAction":[{"@type":"ReadAction","target":["https:\/\/www.gokturkpompa.com\/index.php\/urun\/kuyu-ve-sarniclar-icin-dalgic-pompa\/"]}]},{"@type":"ImageObject","inLanguage":"tr","@id":"https:\/\/www.gokturkpompa.com\/index.php\/urun\/kuyu-ve-sarniclar-icin-dalgic-pompa\/#primaryimage","url":"https:\/\/www.gokturkpompa.com\/wp-content\/uploads\/2024\/12\/dalgic-pompa-alarko-scm-2.webp","contentUrl":"https:\/\/www.gokturkpompa.com\/wp-content\/uploads\/2024\/12\/dalgic-pompa-alarko-scm-2.webp","width":377,"height":322},{"@type":"BreadcrumbList","@id":"https:\/\/www.gokturkpompa.com\/index.php\/urun\/kuyu-ve-sarniclar-icin-dalgic-pompa\/#breadcrumb","itemListElement":[{"@type":"ListItem","position":1,"name":"Anasayfa","item":"https:\/\/www.gokturkpompa.com\/"},{"@type":"ListItem","position":2,"name":"Ma\u011faza","item":"https:\/\/www.gokturkpompa.com\/index.php\/magaza\/"},{"@type":"ListItem","position":3,"name":"Kuyu ve Sarn\u0131\u00e7lar \u0130\u00e7in Dalg\u0131\u00e7 Pompa"}]},{"@type":"WebSite","@id":"https:\/\/www.gokturkpompa.com\/#website","url":"https:\/\/www.gokturkpompa.com\/","name":"G\u00f6kt\u00fcrk Pompa","description":"G\u00f6kt\u00fcrk Pompa ve Hidrafor","publisher":{"@id":"https:\/\/www.gokturkpompa.com\/#organization"},"potentialAction":[{"@type":"SearchAction","target":{"@type":"EntryPoint","urlTemplate":"https:\/\/www.gokturkpompa.com\/?s={search_term_string}"},"query-input":{"@type":"PropertyValueSpecification","valueRequired":true,"valueName":"search_term_string"}}],"inLanguage":"tr"},{"@type":"Organization","@id":"https:\/\/www.gokturkpompa.com\/#organization","name":"G\u00f6kt\u00fcrk Pompa","url":"https:\/\/www.gokturkpompa.com\/","logo":{"@type":"ImageObject","inLanguage":"tr","@id":"https:\/\/www.gokturkpompa.com\/#\/schema\/logo\/image\/","url":"https:\/\/www.gokturkpompa.com\/wp-content\/uploads\/2024\/12\/Remove-bg.ai_1735672499527.png","contentUrl":"https:\/\/www.gokturkpompa.com\/wp-content\/uploads\/2024\/12\/Remove-bg.ai_1735672499527.png","width":300,"height":85,"caption":"G\u00f6kt\u00fcrk Pompa"},"image":{"@id":"https:\/\/www.gokturkpompa.com\/#\/schema\/logo\/image\/"}}]}},"_links":{"self":[{"href":"https:\/\/www.gokturkpompa.com\/index.php\/wp-json\/wp\/v2\/product\/318","targetHints":{"allow":["GET"]}}],"collection":[{"href":"https:\/\/www.gokturkpompa.com\/index.php\/wp-json\/wp\/v2\/product"}],"about":[{"href":"https:\/\/www.gokturkpompa.com\/index.php\/wp-json\/wp\/v2\/types\/product"}],"replies":[{"embeddable":true,"href":"https:\/\/www.gokturkpompa.com\/index.php\/wp-json\/wp\/v2\/comments?post=318"}],"wp:featuredmedia":[{"embeddable":true,"href":"https:\/\/www.gokturkpompa.com\/index.php\/wp-json\/wp\/v2\/media\/319"}],"wp:attachment":[{"href":"https:\/\/www.gokturkpompa.com\/index.php\/wp-json\/wp\/v2\/media?parent=318"}],"wp:term":[{"taxonomy":"product_brand","embeddable":true,"href":"https:\/\/www.gokturkpompa.com\/index.php\/wp-json\/wp\/v2\/product_brand?post=318"},{"taxonomy":"product_cat","embeddable":true,"href":"https:\/\/www.gokturkpompa.com\/index.php\/wp-json\/wp\/v2\/product_cat?post=318"},{"taxonomy":"product_tag","embeddable":true,"href":"https:\/\/www.gokturkpompa.com\/index.php\/wp-json\/wp\/v2\/product_tag?post=318"}],"curies":[{"name":"wp","href":"https:\/\/api.w.org\/{rel}","templated":true}]}}