{"id":316,"date":"2024-12-31T17:16:45","date_gmt":"2024-12-31T14:16:45","guid":{"rendered":"https:\/\/neodizayn.site\/?post_type=product&#038;p=316"},"modified":"2024-12-31T17:20:46","modified_gmt":"2024-12-31T14:20:46","slug":"alarko-6-8-kps-serisi-dalgic-pompalar","status":"publish","type":"product","link":"https:\/\/www.gokturkpompa.com\/index.php\/urun\/alarko-6-8-kps-serisi-dalgic-pompalar\/","title":{"rendered":"Alarko 6&#8243;-8&#8243; KPS Serisi Dalg\u0131\u00e7 Pompalar"},"content":{"rendered":"<ul class=\"cs-pr-features-list-1\">\u0130leri teknoloji, s\u00fcrekli ara\u015ft\u0131rma ve geli\u015ftirme \u00e7al\u0131\u015fmalar\u0131n\u0131n \u00fcr\u00fcn\u00fc, enerji t\u00fcketimini azaltan Alarko patentli Eko-Motorlar. Sistem verimi ile daha fazla enerji tasarrufu. TSE Belgeli Yetkili Servisler ile 24 saat kesintisiz hizmet. Donmaya kar\u015f\u0131 antifriz dolu sevkiyat. Bol ve ucuz yedek par\u00e7a ile k\u0131sa s\u00fcrede servis olana\u011f\u0131.<\/ul>\n","protected":false},"excerpt":{"rendered":"<ul class=\"cs-pr-features-list-1\">\u0130leri teknoloji, s\u00fcrekli ara\u015ft\u0131rma ve geli\u015ftirme \u00e7al\u0131\u015fmalar\u0131n\u0131n \u00fcr\u00fcn\u00fc, enerji t\u00fcketimini azaltan Alarko patentli Eko-Motorlar. Sistem verimi ile daha fazla enerji tasarrufu. TSE Belgeli Yetkili Servisler ile 24 saat kesintisiz hizmet. Donmaya kar\u015f\u0131 antifriz dolu sevkiyat. Bol ve ucuz yedek par\u00e7a ile k\u0131sa s\u00fcrede servis olana\u011f\u0131.<\/ul>\n","protected":false},"featured_media":317,"comment_status":"open","ping_status":"closed","template":"","meta":{"saved_in_kubio":false},"product_brand":[],"product_cat":[19],"product_tag":[],"class_list":{"0":"post-316","1":"product","2":"type-product","3":"status-publish","4":"has-post-thumbnail","6":"product_cat-alarko","8":"first","9":"instock","10":"shipping-taxable","11":"product-type-simple"},"yoast_head":"<!-- This site is optimized with the Yoast SEO plugin v26.9 - https:\/\/yoast.com\/product\/yoast-seo-wordpress\/ -->\n<title>Alarko 6&quot;-8&quot; KPS Serisi Dalg\u0131\u00e7 Pompalar - G\u00f6kt\u00fcrk Pompa<\/title>\n<meta name=\"robots\" content=\"index, follow, max-snippet:-1, max-image-preview:large, max-video-preview:-1\" \/>\n<link rel=\"canonical\" href=\"https:\/\/www.gokturkpompa.com\/index.php\/urun\/alarko-6-8-kps-serisi-dalgic-pompalar\/\" \/>\n<meta property=\"og:locale\" content=\"tr_TR\" \/>\n<meta property=\"og:type\" content=\"article\" \/>\n<meta property=\"og:title\" content=\"Alarko 6&quot;-8&quot; KPS Serisi Dalg\u0131\u00e7 Pompalar - G\u00f6kt\u00fcrk Pompa\" \/>\n<meta property=\"og:description\" content=\"\u0130leri teknoloji, s\u00fcrekli ara\u015ft\u0131rma ve geli\u015ftirme \u00e7al\u0131\u015fmalar\u0131n\u0131n \u00fcr\u00fcn\u00fc, enerji t\u00fcketimini azaltan Alarko patentli Eko-Motorlar. Sistem verimi ile daha fazla enerji tasarrufu. TSE Belgeli Yetkili Servisler ile 24 saat kesintisiz hizmet. Donmaya kar\u015f\u0131 antifriz dolu sevkiyat. Bol ve ucuz yedek par\u00e7a ile k\u0131sa s\u00fcrede servis olana\u011f\u0131.\" \/>\n<meta property=\"og:url\" content=\"https:\/\/www.gokturkpompa.com\/index.php\/urun\/alarko-6-8-kps-serisi-dalgic-pompalar\/\" \/>\n<meta property=\"og:site_name\" content=\"G\u00f6kt\u00fcrk Pompa\" \/>\n<meta property=\"article:modified_time\" content=\"2024-12-31T14:20:46+00:00\" \/>\n<meta property=\"og:image\" content=\"https:\/\/www.gokturkpompa.com\/wp-content\/uploads\/2024\/12\/dalgic-pompa-6-8-kps-alarko-1.webp\" \/>\n\t<meta property=\"og:image:width\" content=\"600\" \/>\n\t<meta property=\"og:image:height\" content=\"490\" \/>\n\t<meta property=\"og:image:type\" content=\"image\/webp\" \/>\n<meta name=\"twitter:card\" content=\"summary_large_image\" \/>\n<script type=\"application\/ld+json\" class=\"yoast-schema-graph\">{\"@context\":\"https:\/\/schema.org\",\"@graph\":[{\"@type\":\"WebPage\",\"@id\":\"https:\/\/www.gokturkpompa.com\/index.php\/urun\/alarko-6-8-kps-serisi-dalgic-pompalar\/\",\"url\":\"https:\/\/www.gokturkpompa.com\/index.php\/urun\/alarko-6-8-kps-serisi-dalgic-pompalar\/\",\"name\":\"Alarko 6\\\"-8\\\" KPS Serisi Dalg\u0131\u00e7 Pompalar - G\u00f6kt\u00fcrk Pompa\",\"isPartOf\":{\"@id\":\"https:\/\/www.gokturkpompa.com\/#website\"},\"primaryImageOfPage\":{\"@id\":\"https:\/\/www.gokturkpompa.com\/index.php\/urun\/alarko-6-8-kps-serisi-dalgic-pompalar\/#primaryimage\"},\"image\":{\"@id\":\"https:\/\/www.gokturkpompa.com\/index.php\/urun\/alarko-6-8-kps-serisi-dalgic-pompalar\/#primaryimage\"},\"thumbnailUrl\":\"https:\/\/www.gokturkpompa.com\/wp-content\/uploads\/2024\/12\/dalgic-pompa-6-8-kps-alarko-1.webp\",\"datePublished\":\"2024-12-31T14:16:45+00:00\",\"dateModified\":\"2024-12-31T14:20:46+00:00\",\"breadcrumb\":{\"@id\":\"https:\/\/www.gokturkpompa.com\/index.php\/urun\/alarko-6-8-kps-serisi-dalgic-pompalar\/#breadcrumb\"},\"inLanguage\":\"tr\",\"potentialAction\":[{\"@type\":\"ReadAction\",\"target\":[\"https:\/\/www.gokturkpompa.com\/index.php\/urun\/alarko-6-8-kps-serisi-dalgic-pompalar\/\"]}]},{\"@type\":\"ImageObject\",\"inLanguage\":\"tr\",\"@id\":\"https:\/\/www.gokturkpompa.com\/index.php\/urun\/alarko-6-8-kps-serisi-dalgic-pompalar\/#primaryimage\",\"url\":\"https:\/\/www.gokturkpompa.com\/wp-content\/uploads\/2024\/12\/dalgic-pompa-6-8-kps-alarko-1.webp\",\"contentUrl\":\"https:\/\/www.gokturkpompa.com\/wp-content\/uploads\/2024\/12\/dalgic-pompa-6-8-kps-alarko-1.webp\",\"width\":600,\"height\":490},{\"@type\":\"BreadcrumbList\",\"@id\":\"https:\/\/www.gokturkpompa.com\/index.php\/urun\/alarko-6-8-kps-serisi-dalgic-pompalar\/#breadcrumb\",\"itemListElement\":[{\"@type\":\"ListItem\",\"position\":1,\"name\":\"Anasayfa\",\"item\":\"https:\/\/www.gokturkpompa.com\/\"},{\"@type\":\"ListItem\",\"position\":2,\"name\":\"Ma\u011faza\",\"item\":\"https:\/\/www.gokturkpompa.com\/index.php\/magaza\/\"},{\"@type\":\"ListItem\",\"position\":3,\"name\":\"Alarko 6&#8243;-8&#8243; KPS Serisi Dalg\u0131\u00e7 Pompalar\"}]},{\"@type\":\"WebSite\",\"@id\":\"https:\/\/www.gokturkpompa.com\/#website\",\"url\":\"https:\/\/www.gokturkpompa.com\/\",\"name\":\"G\u00f6kt\u00fcrk Pompa\",\"description\":\"G\u00f6kt\u00fcrk Pompa ve Hidrafor\",\"publisher\":{\"@id\":\"https:\/\/www.gokturkpompa.com\/#organization\"},\"potentialAction\":[{\"@type\":\"SearchAction\",\"target\":{\"@type\":\"EntryPoint\",\"urlTemplate\":\"https:\/\/www.gokturkpompa.com\/?s={search_term_string}\"},\"query-input\":{\"@type\":\"PropertyValueSpecification\",\"valueRequired\":true,\"valueName\":\"search_term_string\"}}],\"inLanguage\":\"tr\"},{\"@type\":\"Organization\",\"@id\":\"https:\/\/www.gokturkpompa.com\/#organization\",\"name\":\"G\u00f6kt\u00fcrk Pompa\",\"url\":\"https:\/\/www.gokturkpompa.com\/\",\"logo\":{\"@type\":\"ImageObject\",\"inLanguage\":\"tr\",\"@id\":\"https:\/\/www.gokturkpompa.com\/#\/schema\/logo\/image\/\",\"url\":\"https:\/\/www.gokturkpompa.com\/wp-content\/uploads\/2024\/12\/Remove-bg.ai_1735672499527.png\",\"contentUrl\":\"https:\/\/www.gokturkpompa.com\/wp-content\/uploads\/2024\/12\/Remove-bg.ai_1735672499527.png\",\"width\":300,\"height\":85,\"caption\":\"G\u00f6kt\u00fcrk Pompa\"},\"image\":{\"@id\":\"https:\/\/www.gokturkpompa.com\/#\/schema\/logo\/image\/\"}}]}<\/script>\n<!-- \/ Yoast SEO plugin. -->","yoast_head_json":{"title":"Alarko 6\"-8\" KPS Serisi Dalg\u0131\u00e7 Pompalar - G\u00f6kt\u00fcrk Pompa","robots":{"index":"index","follow":"follow","max-snippet":"max-snippet:-1","max-image-preview":"max-image-preview:large","max-video-preview":"max-video-preview:-1"},"canonical":"https:\/\/www.gokturkpompa.com\/index.php\/urun\/alarko-6-8-kps-serisi-dalgic-pompalar\/","og_locale":"tr_TR","og_type":"article","og_title":"Alarko 6\"-8\" KPS Serisi Dalg\u0131\u00e7 Pompalar - G\u00f6kt\u00fcrk Pompa","og_description":"\u0130leri teknoloji, s\u00fcrekli ara\u015ft\u0131rma ve geli\u015ftirme \u00e7al\u0131\u015fmalar\u0131n\u0131n \u00fcr\u00fcn\u00fc, enerji t\u00fcketimini azaltan Alarko patentli Eko-Motorlar. Sistem verimi ile daha fazla enerji tasarrufu. TSE Belgeli Yetkili Servisler ile 24 saat kesintisiz hizmet. Donmaya kar\u015f\u0131 antifriz dolu sevkiyat. Bol ve ucuz yedek par\u00e7a ile k\u0131sa s\u00fcrede servis olana\u011f\u0131.","og_url":"https:\/\/www.gokturkpompa.com\/index.php\/urun\/alarko-6-8-kps-serisi-dalgic-pompalar\/","og_site_name":"G\u00f6kt\u00fcrk Pompa","article_modified_time":"2024-12-31T14:20:46+00:00","og_image":[{"width":600,"height":490,"url":"https:\/\/www.gokturkpompa.com\/wp-content\/uploads\/2024\/12\/dalgic-pompa-6-8-kps-alarko-1.webp","type":"image\/webp"}],"twitter_card":"summary_large_image","schema":{"@context":"https:\/\/schema.org","@graph":[{"@type":"WebPage","@id":"https:\/\/www.gokturkpompa.com\/index.php\/urun\/alarko-6-8-kps-serisi-dalgic-pompalar\/","url":"https:\/\/www.gokturkpompa.com\/index.php\/urun\/alarko-6-8-kps-serisi-dalgic-pompalar\/","name":"Alarko 6\"-8\" KPS Serisi Dalg\u0131\u00e7 Pompalar - G\u00f6kt\u00fcrk Pompa","isPartOf":{"@id":"https:\/\/www.gokturkpompa.com\/#website"},"primaryImageOfPage":{"@id":"https:\/\/www.gokturkpompa.com\/index.php\/urun\/alarko-6-8-kps-serisi-dalgic-pompalar\/#primaryimage"},"image":{"@id":"https:\/\/www.gokturkpompa.com\/index.php\/urun\/alarko-6-8-kps-serisi-dalgic-pompalar\/#primaryimage"},"thumbnailUrl":"https:\/\/www.gokturkpompa.com\/wp-content\/uploads\/2024\/12\/dalgic-pompa-6-8-kps-alarko-1.webp","datePublished":"2024-12-31T14:16:45+00:00","dateModified":"2024-12-31T14:20:46+00:00","breadcrumb":{"@id":"https:\/\/www.gokturkpompa.com\/index.php\/urun\/alarko-6-8-kps-serisi-dalgic-pompalar\/#breadcrumb"},"inLanguage":"tr","potentialAction":[{"@type":"ReadAction","target":["https:\/\/www.gokturkpompa.com\/index.php\/urun\/alarko-6-8-kps-serisi-dalgic-pompalar\/"]}]},{"@type":"ImageObject","inLanguage":"tr","@id":"https:\/\/www.gokturkpompa.com\/index.php\/urun\/alarko-6-8-kps-serisi-dalgic-pompalar\/#primaryimage","url":"https:\/\/www.gokturkpompa.com\/wp-content\/uploads\/2024\/12\/dalgic-pompa-6-8-kps-alarko-1.webp","contentUrl":"https:\/\/www.gokturkpompa.com\/wp-content\/uploads\/2024\/12\/dalgic-pompa-6-8-kps-alarko-1.webp","width":600,"height":490},{"@type":"BreadcrumbList","@id":"https:\/\/www.gokturkpompa.com\/index.php\/urun\/alarko-6-8-kps-serisi-dalgic-pompalar\/#breadcrumb","itemListElement":[{"@type":"ListItem","position":1,"name":"Anasayfa","item":"https:\/\/www.gokturkpompa.com\/"},{"@type":"ListItem","position":2,"name":"Ma\u011faza","item":"https:\/\/www.gokturkpompa.com\/index.php\/magaza\/"},{"@type":"ListItem","position":3,"name":"Alarko 6&#8243;-8&#8243; KPS Serisi Dalg\u0131\u00e7 Pompalar"}]},{"@type":"WebSite","@id":"https:\/\/www.gokturkpompa.com\/#website","url":"https:\/\/www.gokturkpompa.com\/","name":"G\u00f6kt\u00fcrk Pompa","description":"G\u00f6kt\u00fcrk Pompa ve Hidrafor","publisher":{"@id":"https:\/\/www.gokturkpompa.com\/#organization"},"potentialAction":[{"@type":"SearchAction","target":{"@type":"EntryPoint","urlTemplate":"https:\/\/www.gokturkpompa.com\/?s={search_term_string}"},"query-input":{"@type":"PropertyValueSpecification","valueRequired":true,"valueName":"search_term_string"}}],"inLanguage":"tr"},{"@type":"Organization","@id":"https:\/\/www.gokturkpompa.com\/#organization","name":"G\u00f6kt\u00fcrk Pompa","url":"https:\/\/www.gokturkpompa.com\/","logo":{"@type":"ImageObject","inLanguage":"tr","@id":"https:\/\/www.gokturkpompa.com\/#\/schema\/logo\/image\/","url":"https:\/\/www.gokturkpompa.com\/wp-content\/uploads\/2024\/12\/Remove-bg.ai_1735672499527.png","contentUrl":"https:\/\/www.gokturkpompa.com\/wp-content\/uploads\/2024\/12\/Remove-bg.ai_1735672499527.png","width":300,"height":85,"caption":"G\u00f6kt\u00fcrk Pompa"},"image":{"@id":"https:\/\/www.gokturkpompa.com\/#\/schema\/logo\/image\/"}}]}},"_links":{"self":[{"href":"https:\/\/www.gokturkpompa.com\/index.php\/wp-json\/wp\/v2\/product\/316","targetHints":{"allow":["GET"]}}],"collection":[{"href":"https:\/\/www.gokturkpompa.com\/index.php\/wp-json\/wp\/v2\/product"}],"about":[{"href":"https:\/\/www.gokturkpompa.com\/index.php\/wp-json\/wp\/v2\/types\/product"}],"replies":[{"embeddable":true,"href":"https:\/\/www.gokturkpompa.com\/index.php\/wp-json\/wp\/v2\/comments?post=316"}],"wp:featuredmedia":[{"embeddable":true,"href":"https:\/\/www.gokturkpompa.com\/index.php\/wp-json\/wp\/v2\/media\/317"}],"wp:attachment":[{"href":"https:\/\/www.gokturkpompa.com\/index.php\/wp-json\/wp\/v2\/media?parent=316"}],"wp:term":[{"taxonomy":"product_brand","embeddable":true,"href":"https:\/\/www.gokturkpompa.com\/index.php\/wp-json\/wp\/v2\/product_brand?post=316"},{"taxonomy":"product_cat","embeddable":true,"href":"https:\/\/www.gokturkpompa.com\/index.php\/wp-json\/wp\/v2\/product_cat?post=316"},{"taxonomy":"product_tag","embeddable":true,"href":"https:\/\/www.gokturkpompa.com\/index.php\/wp-json\/wp\/v2\/product_tag?post=316"}],"curies":[{"name":"wp","href":"https:\/\/api.w.org\/{rel}","templated":true}]}}