{"id":173,"date":"2024-12-30T15:45:31","date_gmt":"2024-12-30T12:45:31","guid":{"rendered":"https:\/\/neodizayn.site\/?post_type=product&#038;p=173"},"modified":"2024-12-31T17:22:43","modified_gmt":"2024-12-31T14:22:43","slug":"alarko-4-dmd-p2-serisi-dalgic-pompalar","status":"publish","type":"product","link":"https:\/\/www.gokturkpompa.com\/index.php\/urun\/alarko-4-dmd-p2-serisi-dalgic-pompalar\/","title":{"rendered":"Alarko 4\u201d DMD-P2 Serisi Dalg\u0131\u00e7 Pompalar"},"content":{"rendered":"<ul class=\"cs-pr-features-list-1\">Dalg\u0131\u00e7 pompa, mevcut kaynaklar\u0131n yetersiz kald\u0131\u011f\u0131 durumlarda yeralt\u0131 sular\u0131n\u0131n \u00e7\u0131kar\u0131lmas\u0131nda en b\u00fcy\u00fck yard\u0131mc\u0131n\u0131zd\u0131r. \u0130\u00e7me ve kullan\u0131m sular\u0131n\u0131n temininde rakipsiz, dertsiz ve ekonomiktir. Dayan\u0131kl\u0131 ve uzun \u00f6m\u00fcrl\u00fcd\u00fcr. Alarko Diamond dalg\u0131\u00e7 pompalar\u0131 0,5-21 m\u00b3\/saat kapasite aral\u0131\u011f\u0131nda 6 tip, 44 modeli ve y\u00fcksek dayan\u0131ml\u0131, komponentleri ile t\u00fcm ihtiyac\u0131n\u0131z\u0131 kar\u015f\u0131lar.<\/ul>\n<p>&nbsp;<\/p>\n","protected":false},"excerpt":{"rendered":"<h1 class=\"cs-pr-detail-head-1\">Alarko 4\u201d DMD-P2 Serisi Dalg\u0131\u00e7 Pompalar<\/h1>\n","protected":false},"featured_media":174,"comment_status":"open","ping_status":"closed","template":"","meta":{"saved_in_kubio":false},"product_brand":[],"product_cat":[19],"product_tag":[],"class_list":{"0":"post-173","1":"product","2":"type-product","3":"status-publish","4":"has-post-thumbnail","6":"product_cat-alarko","8":"first","9":"instock","10":"shipping-taxable","11":"product-type-simple"},"yoast_head":"<!-- This site is optimized with the Yoast SEO plugin v26.9 - https:\/\/yoast.com\/product\/yoast-seo-wordpress\/ -->\n<title>Alarko 4\u201d DMD-P2 Serisi Dalg\u0131\u00e7 Pompalar - G\u00f6kt\u00fcrk Pompa<\/title>\n<meta name=\"robots\" content=\"index, follow, max-snippet:-1, max-image-preview:large, max-video-preview:-1\" \/>\n<link rel=\"canonical\" href=\"https:\/\/www.gokturkpompa.com\/index.php\/urun\/alarko-4-dmd-p2-serisi-dalgic-pompalar\/\" \/>\n<meta property=\"og:locale\" content=\"tr_TR\" \/>\n<meta property=\"og:type\" content=\"article\" \/>\n<meta property=\"og:title\" content=\"Alarko 4\u201d DMD-P2 Serisi Dalg\u0131\u00e7 Pompalar - G\u00f6kt\u00fcrk Pompa\" \/>\n<meta property=\"og:description\" content=\"Alarko 4\u201d DMD-P2 Serisi Dalg\u0131\u00e7 Pompalar\" \/>\n<meta property=\"og:url\" content=\"https:\/\/www.gokturkpompa.com\/index.php\/urun\/alarko-4-dmd-p2-serisi-dalgic-pompalar\/\" \/>\n<meta property=\"og:site_name\" content=\"G\u00f6kt\u00fcrk Pompa\" \/>\n<meta property=\"article:modified_time\" content=\"2024-12-31T14:22:43+00:00\" \/>\n<meta property=\"og:image\" content=\"https:\/\/www.gokturkpompa.com\/wp-content\/uploads\/2024\/12\/dalgic-pompa-alarko-4dmdp-2.webp\" \/>\n\t<meta property=\"og:image:width\" content=\"377\" \/>\n\t<meta property=\"og:image:height\" content=\"322\" \/>\n\t<meta property=\"og:image:type\" content=\"image\/webp\" \/>\n<meta name=\"twitter:card\" content=\"summary_large_image\" \/>\n<script type=\"application\/ld+json\" class=\"yoast-schema-graph\">{\"@context\":\"https:\/\/schema.org\",\"@graph\":[{\"@type\":\"WebPage\",\"@id\":\"https:\/\/www.gokturkpompa.com\/index.php\/urun\/alarko-4-dmd-p2-serisi-dalgic-pompalar\/\",\"url\":\"https:\/\/www.gokturkpompa.com\/index.php\/urun\/alarko-4-dmd-p2-serisi-dalgic-pompalar\/\",\"name\":\"Alarko 4\u201d DMD-P2 Serisi Dalg\u0131\u00e7 Pompalar - G\u00f6kt\u00fcrk Pompa\",\"isPartOf\":{\"@id\":\"https:\/\/www.gokturkpompa.com\/#website\"},\"primaryImageOfPage\":{\"@id\":\"https:\/\/www.gokturkpompa.com\/index.php\/urun\/alarko-4-dmd-p2-serisi-dalgic-pompalar\/#primaryimage\"},\"image\":{\"@id\":\"https:\/\/www.gokturkpompa.com\/index.php\/urun\/alarko-4-dmd-p2-serisi-dalgic-pompalar\/#primaryimage\"},\"thumbnailUrl\":\"https:\/\/www.gokturkpompa.com\/wp-content\/uploads\/2024\/12\/dalgic-pompa-alarko-4dmdp-2.webp\",\"datePublished\":\"2024-12-30T12:45:31+00:00\",\"dateModified\":\"2024-12-31T14:22:43+00:00\",\"breadcrumb\":{\"@id\":\"https:\/\/www.gokturkpompa.com\/index.php\/urun\/alarko-4-dmd-p2-serisi-dalgic-pompalar\/#breadcrumb\"},\"inLanguage\":\"tr\",\"potentialAction\":[{\"@type\":\"ReadAction\",\"target\":[\"https:\/\/www.gokturkpompa.com\/index.php\/urun\/alarko-4-dmd-p2-serisi-dalgic-pompalar\/\"]}]},{\"@type\":\"ImageObject\",\"inLanguage\":\"tr\",\"@id\":\"https:\/\/www.gokturkpompa.com\/index.php\/urun\/alarko-4-dmd-p2-serisi-dalgic-pompalar\/#primaryimage\",\"url\":\"https:\/\/www.gokturkpompa.com\/wp-content\/uploads\/2024\/12\/dalgic-pompa-alarko-4dmdp-2.webp\",\"contentUrl\":\"https:\/\/www.gokturkpompa.com\/wp-content\/uploads\/2024\/12\/dalgic-pompa-alarko-4dmdp-2.webp\",\"width\":377,\"height\":322},{\"@type\":\"BreadcrumbList\",\"@id\":\"https:\/\/www.gokturkpompa.com\/index.php\/urun\/alarko-4-dmd-p2-serisi-dalgic-pompalar\/#breadcrumb\",\"itemListElement\":[{\"@type\":\"ListItem\",\"position\":1,\"name\":\"Anasayfa\",\"item\":\"https:\/\/www.gokturkpompa.com\/\"},{\"@type\":\"ListItem\",\"position\":2,\"name\":\"Ma\u011faza\",\"item\":\"https:\/\/www.gokturkpompa.com\/index.php\/magaza\/\"},{\"@type\":\"ListItem\",\"position\":3,\"name\":\"Alarko 4\u201d DMD-P2 Serisi Dalg\u0131\u00e7 Pompalar\"}]},{\"@type\":\"WebSite\",\"@id\":\"https:\/\/www.gokturkpompa.com\/#website\",\"url\":\"https:\/\/www.gokturkpompa.com\/\",\"name\":\"G\u00f6kt\u00fcrk Pompa\",\"description\":\"G\u00f6kt\u00fcrk Pompa ve Hidrafor\",\"publisher\":{\"@id\":\"https:\/\/www.gokturkpompa.com\/#organization\"},\"potentialAction\":[{\"@type\":\"SearchAction\",\"target\":{\"@type\":\"EntryPoint\",\"urlTemplate\":\"https:\/\/www.gokturkpompa.com\/?s={search_term_string}\"},\"query-input\":{\"@type\":\"PropertyValueSpecification\",\"valueRequired\":true,\"valueName\":\"search_term_string\"}}],\"inLanguage\":\"tr\"},{\"@type\":\"Organization\",\"@id\":\"https:\/\/www.gokturkpompa.com\/#organization\",\"name\":\"G\u00f6kt\u00fcrk Pompa\",\"url\":\"https:\/\/www.gokturkpompa.com\/\",\"logo\":{\"@type\":\"ImageObject\",\"inLanguage\":\"tr\",\"@id\":\"https:\/\/www.gokturkpompa.com\/#\/schema\/logo\/image\/\",\"url\":\"https:\/\/www.gokturkpompa.com\/wp-content\/uploads\/2024\/12\/Remove-bg.ai_1735672499527.png\",\"contentUrl\":\"https:\/\/www.gokturkpompa.com\/wp-content\/uploads\/2024\/12\/Remove-bg.ai_1735672499527.png\",\"width\":300,\"height\":85,\"caption\":\"G\u00f6kt\u00fcrk Pompa\"},\"image\":{\"@id\":\"https:\/\/www.gokturkpompa.com\/#\/schema\/logo\/image\/\"}}]}<\/script>\n<!-- \/ Yoast SEO plugin. -->","yoast_head_json":{"title":"Alarko 4\u201d DMD-P2 Serisi Dalg\u0131\u00e7 Pompalar - G\u00f6kt\u00fcrk Pompa","robots":{"index":"index","follow":"follow","max-snippet":"max-snippet:-1","max-image-preview":"max-image-preview:large","max-video-preview":"max-video-preview:-1"},"canonical":"https:\/\/www.gokturkpompa.com\/index.php\/urun\/alarko-4-dmd-p2-serisi-dalgic-pompalar\/","og_locale":"tr_TR","og_type":"article","og_title":"Alarko 4\u201d DMD-P2 Serisi Dalg\u0131\u00e7 Pompalar - G\u00f6kt\u00fcrk Pompa","og_description":"Alarko 4\u201d DMD-P2 Serisi Dalg\u0131\u00e7 Pompalar","og_url":"https:\/\/www.gokturkpompa.com\/index.php\/urun\/alarko-4-dmd-p2-serisi-dalgic-pompalar\/","og_site_name":"G\u00f6kt\u00fcrk Pompa","article_modified_time":"2024-12-31T14:22:43+00:00","og_image":[{"width":377,"height":322,"url":"https:\/\/www.gokturkpompa.com\/wp-content\/uploads\/2024\/12\/dalgic-pompa-alarko-4dmdp-2.webp","type":"image\/webp"}],"twitter_card":"summary_large_image","schema":{"@context":"https:\/\/schema.org","@graph":[{"@type":"WebPage","@id":"https:\/\/www.gokturkpompa.com\/index.php\/urun\/alarko-4-dmd-p2-serisi-dalgic-pompalar\/","url":"https:\/\/www.gokturkpompa.com\/index.php\/urun\/alarko-4-dmd-p2-serisi-dalgic-pompalar\/","name":"Alarko 4\u201d DMD-P2 Serisi Dalg\u0131\u00e7 Pompalar - G\u00f6kt\u00fcrk Pompa","isPartOf":{"@id":"https:\/\/www.gokturkpompa.com\/#website"},"primaryImageOfPage":{"@id":"https:\/\/www.gokturkpompa.com\/index.php\/urun\/alarko-4-dmd-p2-serisi-dalgic-pompalar\/#primaryimage"},"image":{"@id":"https:\/\/www.gokturkpompa.com\/index.php\/urun\/alarko-4-dmd-p2-serisi-dalgic-pompalar\/#primaryimage"},"thumbnailUrl":"https:\/\/www.gokturkpompa.com\/wp-content\/uploads\/2024\/12\/dalgic-pompa-alarko-4dmdp-2.webp","datePublished":"2024-12-30T12:45:31+00:00","dateModified":"2024-12-31T14:22:43+00:00","breadcrumb":{"@id":"https:\/\/www.gokturkpompa.com\/index.php\/urun\/alarko-4-dmd-p2-serisi-dalgic-pompalar\/#breadcrumb"},"inLanguage":"tr","potentialAction":[{"@type":"ReadAction","target":["https:\/\/www.gokturkpompa.com\/index.php\/urun\/alarko-4-dmd-p2-serisi-dalgic-pompalar\/"]}]},{"@type":"ImageObject","inLanguage":"tr","@id":"https:\/\/www.gokturkpompa.com\/index.php\/urun\/alarko-4-dmd-p2-serisi-dalgic-pompalar\/#primaryimage","url":"https:\/\/www.gokturkpompa.com\/wp-content\/uploads\/2024\/12\/dalgic-pompa-alarko-4dmdp-2.webp","contentUrl":"https:\/\/www.gokturkpompa.com\/wp-content\/uploads\/2024\/12\/dalgic-pompa-alarko-4dmdp-2.webp","width":377,"height":322},{"@type":"BreadcrumbList","@id":"https:\/\/www.gokturkpompa.com\/index.php\/urun\/alarko-4-dmd-p2-serisi-dalgic-pompalar\/#breadcrumb","itemListElement":[{"@type":"ListItem","position":1,"name":"Anasayfa","item":"https:\/\/www.gokturkpompa.com\/"},{"@type":"ListItem","position":2,"name":"Ma\u011faza","item":"https:\/\/www.gokturkpompa.com\/index.php\/magaza\/"},{"@type":"ListItem","position":3,"name":"Alarko 4\u201d DMD-P2 Serisi Dalg\u0131\u00e7 Pompalar"}]},{"@type":"WebSite","@id":"https:\/\/www.gokturkpompa.com\/#website","url":"https:\/\/www.gokturkpompa.com\/","name":"G\u00f6kt\u00fcrk Pompa","description":"G\u00f6kt\u00fcrk Pompa ve Hidrafor","publisher":{"@id":"https:\/\/www.gokturkpompa.com\/#organization"},"potentialAction":[{"@type":"SearchAction","target":{"@type":"EntryPoint","urlTemplate":"https:\/\/www.gokturkpompa.com\/?s={search_term_string}"},"query-input":{"@type":"PropertyValueSpecification","valueRequired":true,"valueName":"search_term_string"}}],"inLanguage":"tr"},{"@type":"Organization","@id":"https:\/\/www.gokturkpompa.com\/#organization","name":"G\u00f6kt\u00fcrk Pompa","url":"https:\/\/www.gokturkpompa.com\/","logo":{"@type":"ImageObject","inLanguage":"tr","@id":"https:\/\/www.gokturkpompa.com\/#\/schema\/logo\/image\/","url":"https:\/\/www.gokturkpompa.com\/wp-content\/uploads\/2024\/12\/Remove-bg.ai_1735672499527.png","contentUrl":"https:\/\/www.gokturkpompa.com\/wp-content\/uploads\/2024\/12\/Remove-bg.ai_1735672499527.png","width":300,"height":85,"caption":"G\u00f6kt\u00fcrk Pompa"},"image":{"@id":"https:\/\/www.gokturkpompa.com\/#\/schema\/logo\/image\/"}}]}},"_links":{"self":[{"href":"https:\/\/www.gokturkpompa.com\/index.php\/wp-json\/wp\/v2\/product\/173","targetHints":{"allow":["GET"]}}],"collection":[{"href":"https:\/\/www.gokturkpompa.com\/index.php\/wp-json\/wp\/v2\/product"}],"about":[{"href":"https:\/\/www.gokturkpompa.com\/index.php\/wp-json\/wp\/v2\/types\/product"}],"replies":[{"embeddable":true,"href":"https:\/\/www.gokturkpompa.com\/index.php\/wp-json\/wp\/v2\/comments?post=173"}],"wp:featuredmedia":[{"embeddable":true,"href":"https:\/\/www.gokturkpompa.com\/index.php\/wp-json\/wp\/v2\/media\/174"}],"wp:attachment":[{"href":"https:\/\/www.gokturkpompa.com\/index.php\/wp-json\/wp\/v2\/media?parent=173"}],"wp:term":[{"taxonomy":"product_brand","embeddable":true,"href":"https:\/\/www.gokturkpompa.com\/index.php\/wp-json\/wp\/v2\/product_brand?post=173"},{"taxonomy":"product_cat","embeddable":true,"href":"https:\/\/www.gokturkpompa.com\/index.php\/wp-json\/wp\/v2\/product_cat?post=173"},{"taxonomy":"product_tag","embeddable":true,"href":"https:\/\/www.gokturkpompa.com\/index.php\/wp-json\/wp\/v2\/product_tag?post=173"}],"curies":[{"name":"wp","href":"https:\/\/api.w.org\/{rel}","templated":true}]}}